{"id":19472,"date":"2023-03-03T16:48:29","date_gmt":"2023-03-03T15:48:29","guid":{"rendered":"https:\/\/theresales.nl\/?post_type=product&#038;p=19472"},"modified":"2026-02-04T15:22:45","modified_gmt":"2026-02-04T14:22:45","slug":"allermuir-bison-paars","status":"publish","type":"product","link":"https:\/\/theresales.nl\/de\/product\/allermuir-bison-paars\/","title":{"rendered":"Allermuir Bison Paar"},"content":{"rendered":"<p>De Bison paars is een ontwerp van <a href=\"https:\/\/simonpengelly.com\" target=\"_blank\" rel=\"noopener\">Simon Pengelly<\/a> f\u00fcr die Marke Allermuir. Diese <a href=\"https:\/\/theresales.nl\/de\/produktkategorie\/sessel\/\" target=\"_blank\" rel=\"noopener\">Sessel\u00a0<\/a>ist ein wundersch\u00f6n gestaltetes M\u00f6belst\u00fcck, das sowohl Komfort als auch Stil bietet. Dieser Sessel ist aus hochwertigen Materialien gefertigt und mit Liebe zum Detail und Handwerkskunst entworfen. Der Stuhl hat ein auff\u00e4lliges Aussehen mit seinen dicken, gepolsterten Kissen, die auf einem stabilen Metallsockel ruhen. Das Design des Sessels ist modern und doch zeitlos, so dass er sich perfekt in eine Vielzahl von Einrichtungsstilen einf\u00fcgt. Der Sitz des Bison-Sessels ist dank der ergonomisch geformten Kissen und des weichen, strapazierf\u00e4higen Bezugs sehr bequem und st\u00fctzend.<\/p>","protected":false},"excerpt":{"rendered":"<p><strong>Neupreis 1900 \u20ac pro St\u00fcck<\/strong><\/p>\n<p><strong>Abmessungen<\/strong><em><br \/>\n<\/em>Breite: 62,5 cm<br \/>\nTiefe: 51 cm<br \/>\nH\u00f6he: 81 cm<br \/>\nSitzh\u00f6he: 47 cm<br \/>\nSitztiefe: 43 cm<\/p>\n<p><strong>Farbe<\/strong> Paars<\/p>\n<p><strong>Material <\/strong>Stoff<\/p>","protected":false},"featured_media":49187,"template":"","meta":{"_acf_changed":false},"product_brand":[],"product_cat":[19],"product_tag":[302],"ontwerper":[559],"class_list":{"0":"post-19472","1":"product","2":"type-product","3":"status-publish","4":"has-post-thumbnail","6":"product_cat-fauteuils","7":"product_tag-allermuir","8":"ontwerper-simon-pengelly","10":"first","11":"instock","12":"shipping-taxable","13":"purchasable","14":"product-type-simple"},"acf":[],"yoast_head":"<!-- This site is optimized with the Yoast SEO plugin v27.5 - https:\/\/yoast.com\/product\/yoast-seo-wordpress\/ -->\n<title>Allermuir Bison paars - TheReSales<\/title>\n<meta name=\"description\" content=\"De Bison paars is een ontwerp van Simon Pengelly voor het merk Allermuir. Deze fauteuil\u00a0is\u00a0een prachtig ontworpen meubelstuk.\" \/>\n<meta name=\"robots\" content=\"index, follow, max-snippet:-1, max-image-preview:large, max-video-preview:-1\" \/>\n<link rel=\"canonical\" href=\"https:\/\/theresales.nl\/de\/produkt\/allermuir-bison-paars\/\" \/>\n<meta property=\"og:locale\" content=\"de_DE\" \/>\n<meta property=\"og:type\" content=\"article\" \/>\n<meta property=\"og:title\" content=\"Allermuir Bison paars - TheReSales\" \/>\n<meta property=\"og:description\" content=\"De Bison paars is een ontwerp van Simon Pengelly voor het merk Allermuir. Deze fauteuil\u00a0is\u00a0een prachtig ontworpen meubelstuk.\" \/>\n<meta property=\"og:url\" content=\"https:\/\/theresales.nl\/de\/produkt\/allermuir-bison-paars\/\" \/>\n<meta property=\"og:site_name\" content=\"TheReSales\" \/>\n<meta property=\"article:publisher\" content=\"https:\/\/www.facebook.com\/theresales.nl\" \/>\n<meta property=\"article:modified_time\" content=\"2026-02-04T14:22:45+00:00\" \/>\n<meta property=\"og:image\" content=\"https:\/\/theresales.nl\/wp-content\/uploads\/2023\/03\/20230302_084404222_iOS.jpg\" \/>\n\t<meta property=\"og:image:width\" content=\"1200\" \/>\n\t<meta property=\"og:image:height\" content=\"900\" \/>\n\t<meta property=\"og:image:type\" content=\"image\/jpeg\" \/>\n<meta name=\"twitter:card\" content=\"summary_large_image\" \/>\n<meta name=\"twitter:label1\" content=\"Gesch\u00e4tzte Lesezeit\" \/>\n\t<meta name=\"twitter:data1\" content=\"1\u00a0Minute\" \/>\n<!-- \/ Yoast SEO plugin. -->","yoast_head_json":{"title":"Allermuir Bison paars - TheReSales","description":"De Bison paars is een ontwerp van Simon Pengelly voor het merk Allermuir. Deze fauteuil\u00a0is\u00a0een prachtig ontworpen meubelstuk.","robots":{"index":"index","follow":"follow","max-snippet":"max-snippet:-1","max-image-preview":"max-image-preview:large","max-video-preview":"max-video-preview:-1"},"canonical":"https:\/\/theresales.nl\/de\/produkt\/allermuir-bison-paars\/","og_locale":"de_DE","og_type":"article","og_title":"Allermuir Bison paars - TheReSales","og_description":"De Bison paars is een ontwerp van Simon Pengelly voor het merk Allermuir. Deze fauteuil\u00a0is\u00a0een prachtig ontworpen meubelstuk.","og_url":"https:\/\/theresales.nl\/de\/produkt\/allermuir-bison-paars\/","og_site_name":"TheReSales","article_publisher":"https:\/\/www.facebook.com\/theresales.nl","article_modified_time":"2026-02-04T14:22:45+00:00","og_image":[{"width":1200,"height":900,"url":"https:\/\/theresales.nl\/wp-content\/uploads\/2023\/03\/20230302_084404222_iOS.jpg","type":"image\/jpeg"}],"twitter_card":"summary_large_image","twitter_misc":{"Gesch\u00e4tzte Lesezeit":"1\u00a0Minute"},"schema":{"@context":"https:\/\/schema.org","@graph":[{"@type":"WebPage","@id":"https:\/\/theresales.nl\/product\/allermuir-bison-paars\/","url":"https:\/\/theresales.nl\/product\/allermuir-bison-paars\/","name":"Allermuir Bison paars - TheReSales","isPartOf":{"@id":"https:\/\/theresales.nl\/#website"},"primaryImageOfPage":{"@id":"https:\/\/theresales.nl\/product\/allermuir-bison-paars\/#primaryimage"},"image":{"@id":"https:\/\/theresales.nl\/product\/allermuir-bison-paars\/#primaryimage"},"thumbnailUrl":"https:\/\/theresales.nl\/wp-content\/uploads\/2023\/03\/20230302_084404222_iOS.jpg","datePublished":"2023-03-03T15:48:29+00:00","dateModified":"2026-02-04T14:22:45+00:00","description":"De Bison paars is een ontwerp van Simon Pengelly voor het merk Allermuir. Deze fauteuil\u00a0is\u00a0een prachtig ontworpen meubelstuk.","breadcrumb":{"@id":"https:\/\/theresales.nl\/product\/allermuir-bison-paars\/#breadcrumb"},"inLanguage":"de","potentialAction":[{"@type":"ReadAction","target":["https:\/\/theresales.nl\/product\/allermuir-bison-paars\/"]}]},{"@type":"ImageObject","inLanguage":"de","@id":"https:\/\/theresales.nl\/product\/allermuir-bison-paars\/#primaryimage","url":"https:\/\/theresales.nl\/wp-content\/uploads\/2023\/03\/20230302_084404222_iOS.jpg","contentUrl":"https:\/\/theresales.nl\/wp-content\/uploads\/2023\/03\/20230302_084404222_iOS.jpg","width":1200,"height":900},{"@type":"BreadcrumbList","@id":"https:\/\/theresales.nl\/product\/allermuir-bison-paars\/#breadcrumb","itemListElement":[{"@type":"ListItem","position":1,"name":"Home","item":"https:\/\/theresales.nl\/"},{"@type":"ListItem","position":2,"name":"Collectie","item":"https:\/\/theresales.nl\/collectie\/"},{"@type":"ListItem","position":3,"name":"Allermuir Bison paars"}]},{"@type":"WebSite","@id":"https:\/\/theresales.nl\/#website","url":"https:\/\/theresales.nl\/","name":"TheReSales","description":"Tweedehands Design Meubelen","publisher":{"@id":"https:\/\/theresales.nl\/#organization"},"potentialAction":[{"@type":"SearchAction","target":{"@type":"EntryPoint","urlTemplate":"https:\/\/theresales.nl\/?s={search_term_string}"},"query-input":{"@type":"PropertyValueSpecification","valueRequired":true,"valueName":"search_term_string"}}],"inLanguage":"de"},{"@type":"Organization","@id":"https:\/\/theresales.nl\/#organization","name":"TheReSales","url":"https:\/\/theresales.nl\/","logo":{"@type":"ImageObject","inLanguage":"de","@id":"https:\/\/theresales.nl\/#\/schema\/logo\/image\/","url":"https:\/\/theresales.nl\/wp-content\/uploads\/2026\/04\/Logo-TheReSales.png","contentUrl":"https:\/\/theresales.nl\/wp-content\/uploads\/2026\/04\/Logo-TheReSales.png","width":1200,"height":304,"caption":"TheReSales"},"image":{"@id":"https:\/\/theresales.nl\/#\/schema\/logo\/image\/"},"sameAs":["https:\/\/www.facebook.com\/theresales.nl","https:\/\/www.instagram.com\/_theresales_\/","https:\/\/nl.pinterest.com\/theresalesgroningen\/","https:\/\/www.linkedin.com\/company\/theresales\/"]}]}},"_links":{"self":[{"href":"https:\/\/theresales.nl\/de\/wp-json\/wp\/v2\/product\/19472","targetHints":{"allow":["GET"]}}],"collection":[{"href":"https:\/\/theresales.nl\/de\/wp-json\/wp\/v2\/product"}],"about":[{"href":"https:\/\/theresales.nl\/de\/wp-json\/wp\/v2\/types\/product"}],"wp:featuredmedia":[{"embeddable":true,"href":"https:\/\/theresales.nl\/de\/wp-json\/wp\/v2\/media\/49187"}],"wp:attachment":[{"href":"https:\/\/theresales.nl\/de\/wp-json\/wp\/v2\/media?parent=19472"}],"wp:term":[{"taxonomy":"product_brand","embeddable":true,"href":"https:\/\/theresales.nl\/de\/wp-json\/wp\/v2\/product_brand?post=19472"},{"taxonomy":"product_cat","embeddable":true,"href":"https:\/\/theresales.nl\/de\/wp-json\/wp\/v2\/product_cat?post=19472"},{"taxonomy":"product_tag","embeddable":true,"href":"https:\/\/theresales.nl\/de\/wp-json\/wp\/v2\/product_tag?post=19472"},{"taxonomy":"ontwerper","embeddable":true,"href":"https:\/\/theresales.nl\/de\/wp-json\/wp\/v2\/ontwerper?post=19472"}],"curies":[{"name":"wp","href":"https:\/\/api.w.org\/{rel}","templated":true}]}}