{"id":19434,"date":"2023-03-03T16:50:29","date_gmt":"2023-03-03T15:50:29","guid":{"rendered":"https:\/\/theresales.nl\/?post_type=product&#038;p=19434"},"modified":"2026-01-02T11:33:39","modified_gmt":"2026-01-02T10:33:39","slug":"minotti-aston-orange","status":"publish","type":"product","link":"https:\/\/theresales.nl\/de\/product\/minotti-aston-oranje\/","title":{"rendered":"Minotti Aston Orange"},"content":{"rendered":"<p>Deutsch <a href=\"https:\/\/www.minotti.com\/en\/aston-\u201cdining\u201d\">Minotti<\/a> Aston Orange <a href=\"https:\/\/theresales.nl\/de\/produktkategorie\/sessel\/\" target=\"_blank\" rel=\"noopener\">Sessel<\/a> ist ein Meisterwerk italienischer Handwerkskunst und Eleganz. Es wurde mit einer schlanken, stromlinienf\u00f6rmigen \u00c4sthetik entworfen, die perfekt zu modernen R\u00e4umen passt. Der Aston ist aus hochwertigen Materialien gefertigt, darunter ein Stahlrahmen mit polierter Oberfl\u00e4che und eine Sitz- und R\u00fcckenlehne, die mit feinstem Leder bezogen sind. Maximaler Komfort mit einer ergonomischen Form, die sich perfekt an den menschlichen K\u00f6rper anpasst!<\/p>","protected":false},"excerpt":{"rendered":"<p><strong>Abmessungen<\/strong><em><br \/>\n<\/em>Breite: 58 cm<br \/>\nTiefe: 58 cm<br \/>\nH\u00f6he: 73 cm<br \/>\nSitzh\u00f6he: 44 cm<br \/>\nSitzentiefe: 63 cm<\/p>\n<p><strong>Farbe <\/strong>Orange, schwarz<\/p>\n<p><strong>Material <\/strong>Leer, Metall<\/p>","protected":false},"featured_media":22403,"template":"","meta":{"_acf_changed":false},"product_brand":[],"product_cat":[34],"product_tag":[271],"ontwerper":[],"class_list":{"0":"post-19434","1":"product","2":"type-product","3":"status-publish","4":"has-post-thumbnail","6":"product_cat-stoelen","7":"product_tag-minotti","9":"first","10":"instock","11":"shipping-taxable","12":"purchasable","13":"product-type-simple"},"acf":[],"yoast_head":"<!-- This site is optimized with the Yoast SEO plugin v27.5 - https:\/\/yoast.com\/product\/yoast-seo-wordpress\/ -->\n<title>Minotti Aston oranje - TheReSales<\/title>\n<meta name=\"description\" content=\"De Minotti Aston- oranje eetkamerstoel is een meesterwerk van Italiaans vakmanschap en elegantie. Deze stoel is ontworpen met een slanke.\" \/>\n<meta name=\"robots\" content=\"index, follow, max-snippet:-1, max-image-preview:large, max-video-preview:-1\" \/>\n<link rel=\"canonical\" href=\"https:\/\/theresales.nl\/de\/produkt\/minotti-aston-orange\/\" \/>\n<meta property=\"og:locale\" content=\"de_DE\" \/>\n<meta property=\"og:type\" content=\"article\" \/>\n<meta property=\"og:title\" content=\"Minotti Aston oranje - TheReSales\" \/>\n<meta property=\"og:description\" content=\"De Minotti Aston- oranje eetkamerstoel is een meesterwerk van Italiaans vakmanschap en elegantie. Deze stoel is ontworpen met een slanke.\" \/>\n<meta property=\"og:url\" content=\"https:\/\/theresales.nl\/de\/produkt\/minotti-aston-orange\/\" \/>\n<meta property=\"og:site_name\" content=\"TheReSales\" \/>\n<meta property=\"article:publisher\" content=\"https:\/\/www.facebook.com\/theresales.nl\" \/>\n<meta property=\"article:modified_time\" content=\"2026-01-02T10:33:39+00:00\" \/>\n<meta property=\"og:image\" content=\"https:\/\/theresales.nl\/wp-content\/uploads\/2023\/03\/20230519_094108432_iOS.jpg\" \/>\n\t<meta property=\"og:image:width\" content=\"1200\" \/>\n\t<meta property=\"og:image:height\" content=\"900\" \/>\n\t<meta property=\"og:image:type\" content=\"image\/jpeg\" \/>\n<meta name=\"twitter:card\" content=\"summary_large_image\" \/>\n<meta name=\"twitter:label1\" content=\"Gesch\u00e4tzte Lesezeit\" \/>\n\t<meta name=\"twitter:data1\" content=\"1\u00a0Minute\" \/>\n<!-- \/ Yoast SEO plugin. -->","yoast_head_json":{"title":"Minotti Aston orange - TheReSales","description":"Der Minotti Aston Esszimmerstuhl in Orange ist ein Meisterwerk italienischer Handwerkskunst und Eleganz. Dieser Stuhl wurde mit einem schlanken Design entworfen.","robots":{"index":"index","follow":"follow","max-snippet":"max-snippet:-1","max-image-preview":"max-image-preview:large","max-video-preview":"max-video-preview:-1"},"canonical":"https:\/\/theresales.nl\/de\/produkt\/minotti-aston-orange\/","og_locale":"de_DE","og_type":"article","og_title":"Minotti Aston oranje - TheReSales","og_description":"De Minotti Aston- oranje eetkamerstoel is een meesterwerk van Italiaans vakmanschap en elegantie. Deze stoel is ontworpen met een slanke.","og_url":"https:\/\/theresales.nl\/de\/produkt\/minotti-aston-orange\/","og_site_name":"TheReSales","article_publisher":"https:\/\/www.facebook.com\/theresales.nl","article_modified_time":"2026-01-02T10:33:39+00:00","og_image":[{"width":1200,"height":900,"url":"https:\/\/theresales.nl\/wp-content\/uploads\/2023\/03\/20230519_094108432_iOS.jpg","type":"image\/jpeg"}],"twitter_card":"summary_large_image","twitter_misc":{"Gesch\u00e4tzte Lesezeit":"1\u00a0Minute"},"schema":{"@context":"https:\/\/schema.org","@graph":[{"@type":"WebPage","@id":"https:\/\/theresales.nl\/product\/minotti-aston-oranje\/","url":"https:\/\/theresales.nl\/product\/minotti-aston-oranje\/","name":"Minotti Aston orange - TheReSales","isPartOf":{"@id":"https:\/\/theresales.nl\/#website"},"primaryImageOfPage":{"@id":"https:\/\/theresales.nl\/product\/minotti-aston-oranje\/#primaryimage"},"image":{"@id":"https:\/\/theresales.nl\/product\/minotti-aston-oranje\/#primaryimage"},"thumbnailUrl":"https:\/\/theresales.nl\/wp-content\/uploads\/2023\/03\/20230519_094108432_iOS.jpg","datePublished":"2023-03-03T15:50:29+00:00","dateModified":"2026-01-02T10:33:39+00:00","description":"Der Minotti Aston Esszimmerstuhl in Orange ist ein Meisterwerk italienischer Handwerkskunst und Eleganz. Dieser Stuhl wurde mit einem schlanken Design entworfen.","breadcrumb":{"@id":"https:\/\/theresales.nl\/product\/minotti-aston-oranje\/#breadcrumb"},"inLanguage":"de","potentialAction":[{"@type":"ReadAction","target":["https:\/\/theresales.nl\/product\/minotti-aston-oranje\/"]}]},{"@type":"ImageObject","inLanguage":"de","@id":"https:\/\/theresales.nl\/product\/minotti-aston-oranje\/#primaryimage","url":"https:\/\/theresales.nl\/wp-content\/uploads\/2023\/03\/20230519_094108432_iOS.jpg","contentUrl":"https:\/\/theresales.nl\/wp-content\/uploads\/2023\/03\/20230519_094108432_iOS.jpg","width":1200,"height":900,"caption":"minotti-aston-oranje-leer-theresales"},{"@type":"BreadcrumbList","@id":"https:\/\/theresales.nl\/product\/minotti-aston-oranje\/#breadcrumb","itemListElement":[{"@type":"ListItem","position":1,"name":"Home","item":"https:\/\/theresales.nl\/"},{"@type":"ListItem","position":2,"name":"Collectie","item":"https:\/\/theresales.nl\/collectie\/"},{"@type":"ListItem","position":3,"name":"Minotti Aston oranje"}]},{"@type":"WebSite","@id":"https:\/\/theresales.nl\/#website","url":"https:\/\/theresales.nl\/","name":"TheReSales","description":"Tweedehands Design Meubelen","publisher":{"@id":"https:\/\/theresales.nl\/#organization"},"potentialAction":[{"@type":"SearchAction","target":{"@type":"EntryPoint","urlTemplate":"https:\/\/theresales.nl\/?s={search_term_string}"},"query-input":{"@type":"PropertyValueSpecification","valueRequired":true,"valueName":"search_term_string"}}],"inLanguage":"de"},{"@type":"Organization","@id":"https:\/\/theresales.nl\/#organization","name":"TheReSales","url":"https:\/\/theresales.nl\/","logo":{"@type":"ImageObject","inLanguage":"de","@id":"https:\/\/theresales.nl\/#\/schema\/logo\/image\/","url":"https:\/\/theresales.nl\/wp-content\/uploads\/2026\/04\/Logo-TheReSales.png","contentUrl":"https:\/\/theresales.nl\/wp-content\/uploads\/2026\/04\/Logo-TheReSales.png","width":1200,"height":304,"caption":"TheReSales"},"image":{"@id":"https:\/\/theresales.nl\/#\/schema\/logo\/image\/"},"sameAs":["https:\/\/www.facebook.com\/theresales.nl","https:\/\/www.instagram.com\/_theresales_\/","https:\/\/nl.pinterest.com\/theresalesgroningen\/","https:\/\/www.linkedin.com\/company\/theresales\/"]}]}},"_links":{"self":[{"href":"https:\/\/theresales.nl\/de\/wp-json\/wp\/v2\/product\/19434","targetHints":{"allow":["GET"]}}],"collection":[{"href":"https:\/\/theresales.nl\/de\/wp-json\/wp\/v2\/product"}],"about":[{"href":"https:\/\/theresales.nl\/de\/wp-json\/wp\/v2\/types\/product"}],"wp:featuredmedia":[{"embeddable":true,"href":"https:\/\/theresales.nl\/de\/wp-json\/wp\/v2\/media\/22403"}],"wp:attachment":[{"href":"https:\/\/theresales.nl\/de\/wp-json\/wp\/v2\/media?parent=19434"}],"wp:term":[{"taxonomy":"product_brand","embeddable":true,"href":"https:\/\/theresales.nl\/de\/wp-json\/wp\/v2\/product_brand?post=19434"},{"taxonomy":"product_cat","embeddable":true,"href":"https:\/\/theresales.nl\/de\/wp-json\/wp\/v2\/product_cat?post=19434"},{"taxonomy":"product_tag","embeddable":true,"href":"https:\/\/theresales.nl\/de\/wp-json\/wp\/v2\/product_tag?post=19434"},{"taxonomy":"ontwerper","embeddable":true,"href":"https:\/\/theresales.nl\/de\/wp-json\/wp\/v2\/ontwerper?post=19434"}],"curies":[{"name":"wp","href":"https:\/\/api.w.org\/{rel}","templated":true}]}}