{"id":16722,"date":"2022-12-27T14:49:44","date_gmt":"2022-12-27T13:49:44","guid":{"rendered":"https:\/\/theresales.nl\/?post_type=product&#038;p=16722"},"modified":"2026-01-02T11:31:04","modified_gmt":"2026-01-02T10:31:04","slug":"artifort-nina-paar","status":"publish","type":"product","link":"https:\/\/theresales.nl\/de\/product\/artifort-nina-paars\/","title":{"rendered":"Artifort Nina Paar"},"content":{"rendered":"<p>Das Nina-Paar ist ein Entwurf von <a href=\"https:\/\/www.reneholten.nl\/\" target=\"_blank\" rel=\"noopener\">Ren\u00e9 Holten<\/a> f\u00fcr die Marke Artifort. Diese ikonische <a href=\"https:\/\/theresales.nl\/de\/produktkategorie\/stuhle\/\" target=\"_blank\" rel=\"noopener\">Stuhl<\/a> steht bekannt f\u00fcr die C-f\u00f6rmige R\u00fcckenlehne, die f\u00fcr \u00e4u\u00dferst Sitzkomfort sorgt. Durch den modernen und luxuri\u00f6sen Ausstrahlung in Kombination mit dem Komfort ist die Nina die perfekte Esszimmerstuhl!<\/p>","protected":false},"excerpt":{"rendered":"<p><strong>Abmessungen<\/strong><br \/>\nBreite: 67 cm<br \/>\nTiefe: 55 cm<br \/>\nH\u00f6he: 179 cm<br \/>\nSitztiefe: 49 cm<br \/>\nSitzh\u00f6he: 46 cm<\/p>\n<p><strong>Farbe<\/strong>Paar<br \/>\n<strong><br \/>\nMaterial<\/strong>Leer, Metall<\/p>","protected":false},"featured_media":22269,"template":"","meta":{"_acf_changed":false},"product_brand":[],"product_cat":[34],"product_tag":[30],"ontwerper":[484],"class_list":{"0":"post-16722","1":"product","2":"type-product","3":"status-publish","4":"has-post-thumbnail","6":"product_cat-stoelen","7":"product_tag-artifort","8":"ontwerper-rene-holten","10":"first","11":"instock","12":"shipping-taxable","13":"purchasable","14":"product-type-simple"},"acf":[],"yoast_head":"<!-- This site is optimized with the Yoast SEO plugin v27.5 - https:\/\/yoast.com\/product\/yoast-seo-wordpress\/ -->\n<title>Artifort Nina paars - TheReSales<\/title>\n<meta name=\"description\" content=\"De Nina paars is een ontwerp van Ren\u00e9 Holten voor het merk Artifort. Deze iconische stoel staat bekend om de C-vormige rugleuning, die zorgt voor uiterst\" \/>\n<meta name=\"robots\" content=\"index, follow, max-snippet:-1, max-image-preview:large, max-video-preview:-1\" \/>\n<link rel=\"canonical\" href=\"https:\/\/theresales.nl\/de\/produkt\/artifort-nina-paar\/\" \/>\n<meta property=\"og:locale\" content=\"de_DE\" \/>\n<meta property=\"og:type\" content=\"article\" \/>\n<meta property=\"og:title\" content=\"Artifort Nina paars - TheReSales\" \/>\n<meta property=\"og:description\" content=\"De Nina paars is een ontwerp van Ren\u00e9 Holten voor het merk Artifort. Deze iconische stoel staat bekend om de C-vormige rugleuning, die zorgt voor uiterst\" \/>\n<meta property=\"og:url\" content=\"https:\/\/theresales.nl\/de\/produkt\/artifort-nina-paar\/\" \/>\n<meta property=\"og:site_name\" content=\"TheReSales\" \/>\n<meta property=\"article:publisher\" content=\"https:\/\/www.facebook.com\/theresales.nl\" \/>\n<meta property=\"article:modified_time\" content=\"2026-01-02T10:31:04+00:00\" \/>\n<meta property=\"og:image\" content=\"https:\/\/theresales.nl\/wp-content\/uploads\/2022\/12\/20230516_123357001_iOS.jpg\" \/>\n\t<meta property=\"og:image:width\" content=\"1200\" \/>\n\t<meta property=\"og:image:height\" content=\"900\" \/>\n\t<meta property=\"og:image:type\" content=\"image\/jpeg\" \/>\n<meta name=\"twitter:card\" content=\"summary_large_image\" \/>\n<meta name=\"twitter:label1\" content=\"Gesch\u00e4tzte Lesezeit\" \/>\n\t<meta name=\"twitter:data1\" content=\"1\u00a0Minute\" \/>\n<!-- \/ Yoast SEO plugin. -->","yoast_head_json":{"title":"Artifort Nina Paare - TheReSales","description":"Der Nina-Stuhl ist ein Entwurf von Ren\u00e9 Holten f\u00fcr die Marke Artifort. Dieser ikonische Stuhl ist bekannt f\u00fcr seine C-f\u00f6rmige R\u00fcckenlehne, die f\u00fcr \u00e4u\u00dferst","robots":{"index":"index","follow":"follow","max-snippet":"max-snippet:-1","max-image-preview":"max-image-preview:large","max-video-preview":"max-video-preview:-1"},"canonical":"https:\/\/theresales.nl\/de\/produkt\/artifort-nina-paar\/","og_locale":"de_DE","og_type":"article","og_title":"Artifort Nina paars - TheReSales","og_description":"De Nina paars is een ontwerp van Ren\u00e9 Holten voor het merk Artifort. Deze iconische stoel staat bekend om de C-vormige rugleuning, die zorgt voor uiterst","og_url":"https:\/\/theresales.nl\/de\/produkt\/artifort-nina-paar\/","og_site_name":"TheReSales","article_publisher":"https:\/\/www.facebook.com\/theresales.nl","article_modified_time":"2026-01-02T10:31:04+00:00","og_image":[{"width":1200,"height":900,"url":"https:\/\/theresales.nl\/wp-content\/uploads\/2022\/12\/20230516_123357001_iOS.jpg","type":"image\/jpeg"}],"twitter_card":"summary_large_image","twitter_misc":{"Gesch\u00e4tzte Lesezeit":"1\u00a0Minute"},"schema":{"@context":"https:\/\/schema.org","@graph":[{"@type":"WebPage","@id":"https:\/\/theresales.nl\/product\/artifort-nina-paars\/","url":"https:\/\/theresales.nl\/product\/artifort-nina-paars\/","name":"Artifort Nina Paare - TheReSales","isPartOf":{"@id":"https:\/\/theresales.nl\/#website"},"primaryImageOfPage":{"@id":"https:\/\/theresales.nl\/product\/artifort-nina-paars\/#primaryimage"},"image":{"@id":"https:\/\/theresales.nl\/product\/artifort-nina-paars\/#primaryimage"},"thumbnailUrl":"https:\/\/theresales.nl\/wp-content\/uploads\/2022\/12\/20230516_123357001_iOS.jpg","datePublished":"2022-12-27T13:49:44+00:00","dateModified":"2026-01-02T10:31:04+00:00","description":"Der Nina-Stuhl ist ein Entwurf von Ren\u00e9 Holten f\u00fcr die Marke Artifort. Dieser ikonische Stuhl ist bekannt f\u00fcr seine C-f\u00f6rmige R\u00fcckenlehne, die f\u00fcr \u00e4u\u00dferst","breadcrumb":{"@id":"https:\/\/theresales.nl\/product\/artifort-nina-paars\/#breadcrumb"},"inLanguage":"de","potentialAction":[{"@type":"ReadAction","target":["https:\/\/theresales.nl\/product\/artifort-nina-paars\/"]}]},{"@type":"ImageObject","inLanguage":"de","@id":"https:\/\/theresales.nl\/product\/artifort-nina-paars\/#primaryimage","url":"https:\/\/theresales.nl\/wp-content\/uploads\/2022\/12\/20230516_123357001_iOS.jpg","contentUrl":"https:\/\/theresales.nl\/wp-content\/uploads\/2022\/12\/20230516_123357001_iOS.jpg","width":1200,"height":900,"caption":"Stoelen-Artifort-Nina-paars-TheReSales"},{"@type":"BreadcrumbList","@id":"https:\/\/theresales.nl\/product\/artifort-nina-paars\/#breadcrumb","itemListElement":[{"@type":"ListItem","position":1,"name":"Home","item":"https:\/\/theresales.nl\/"},{"@type":"ListItem","position":2,"name":"Collectie","item":"https:\/\/theresales.nl\/collectie\/"},{"@type":"ListItem","position":3,"name":"Artifort Nina paars"}]},{"@type":"WebSite","@id":"https:\/\/theresales.nl\/#website","url":"https:\/\/theresales.nl\/","name":"TheReSales","description":"Tweedehands Design Meubelen","publisher":{"@id":"https:\/\/theresales.nl\/#organization"},"potentialAction":[{"@type":"SearchAction","target":{"@type":"EntryPoint","urlTemplate":"https:\/\/theresales.nl\/?s={search_term_string}"},"query-input":{"@type":"PropertyValueSpecification","valueRequired":true,"valueName":"search_term_string"}}],"inLanguage":"de"},{"@type":"Organization","@id":"https:\/\/theresales.nl\/#organization","name":"TheReSales","url":"https:\/\/theresales.nl\/","logo":{"@type":"ImageObject","inLanguage":"de","@id":"https:\/\/theresales.nl\/#\/schema\/logo\/image\/","url":"https:\/\/theresales.nl\/wp-content\/uploads\/2026\/04\/Logo-TheReSales.png","contentUrl":"https:\/\/theresales.nl\/wp-content\/uploads\/2026\/04\/Logo-TheReSales.png","width":1200,"height":304,"caption":"TheReSales"},"image":{"@id":"https:\/\/theresales.nl\/#\/schema\/logo\/image\/"},"sameAs":["https:\/\/www.facebook.com\/theresales.nl","https:\/\/www.instagram.com\/_theresales_\/","https:\/\/nl.pinterest.com\/theresalesgroningen\/","https:\/\/www.linkedin.com\/company\/theresales\/"]}]}},"_links":{"self":[{"href":"https:\/\/theresales.nl\/de\/wp-json\/wp\/v2\/product\/16722","targetHints":{"allow":["GET"]}}],"collection":[{"href":"https:\/\/theresales.nl\/de\/wp-json\/wp\/v2\/product"}],"about":[{"href":"https:\/\/theresales.nl\/de\/wp-json\/wp\/v2\/types\/product"}],"wp:featuredmedia":[{"embeddable":true,"href":"https:\/\/theresales.nl\/de\/wp-json\/wp\/v2\/media\/22269"}],"wp:attachment":[{"href":"https:\/\/theresales.nl\/de\/wp-json\/wp\/v2\/media?parent=16722"}],"wp:term":[{"taxonomy":"product_brand","embeddable":true,"href":"https:\/\/theresales.nl\/de\/wp-json\/wp\/v2\/product_brand?post=16722"},{"taxonomy":"product_cat","embeddable":true,"href":"https:\/\/theresales.nl\/de\/wp-json\/wp\/v2\/product_cat?post=16722"},{"taxonomy":"product_tag","embeddable":true,"href":"https:\/\/theresales.nl\/de\/wp-json\/wp\/v2\/product_tag?post=16722"},{"taxonomy":"ontwerper","embeddable":true,"href":"https:\/\/theresales.nl\/de\/wp-json\/wp\/v2\/ontwerper?post=16722"}],"curies":[{"name":"wp","href":"https:\/\/api.w.org\/{rel}","templated":true}]}}