{"id":16501,"date":"2022-12-22T16:24:58","date_gmt":"2022-12-22T15:24:58","guid":{"rendered":"https:\/\/theresales.nl\/?post_type=product&#038;p=16501"},"modified":"2026-01-02T11:25:27","modified_gmt":"2026-01-02T10:25:27","slug":"foscarini-tress-media","status":"publish","type":"product","link":"https:\/\/theresales.nl\/de\/product\/foscarini-tress-media\/","title":{"rendered":"Foscarini Tress Media"},"content":{"rendered":"<p>De Tress Media ist ein Entwurf von <a href=\"https:\/\/www.instagram.com\/marcsadlerstudio\/\" target=\"_blank\" rel=\"noopener\">Marc Sadler<\/a> f\u00fcr die Marke Foscarini. Ein faszinierendes <a href=\"https:\/\/theresales.nl\/de\/produktkategorie\/lampen\/hangelampen\/\" target=\"_blank\" rel=\"noopener\">H\u00e4ngeleuchte<\/a> die aussieht wie ein leichtes Nest aus Texturen und Geweben, wodurch das Licht sowohl direkt nach unten als auch in den Raum strahlt. Diese magische Verwebung von Bl\u00f6cken und Hohlr\u00e4umen macht, dass es auch als wundersch\u00f6ne Dekoration fungieren kann!<\/p>","protected":false},"excerpt":{"rendered":"<p><strong>Neupreis 997 \u20ac pro St\u00fcck<\/strong><\/p>\n<p><strong>Abmessungen<\/strong><br \/>\nH\u00f6he: 61 cm<br \/>\nDurchmesser Kappe: 24 cm<br \/>\n<strong><br \/>\nFarbe<\/strong>Witz<br \/>\n<strong><br \/>\nMaterial<\/strong>: Kunststoff (Glasfaser)<\/p>","protected":false},"featured_media":32792,"template":"","meta":{"_acf_changed":false},"product_brand":[],"product_cat":[40,35],"product_tag":[221],"ontwerper":[535],"class_list":{"0":"post-16501","1":"product","2":"type-product","3":"status-publish","4":"has-post-thumbnail","6":"product_cat-hanglampen","7":"product_cat-lampen","8":"product_tag-foscarini","9":"ontwerper-marc-sadler","11":"first","12":"instock","13":"shipping-taxable","14":"purchasable","15":"product-type-simple"},"acf":[],"yoast_head":"<!-- This site is optimized with the Yoast SEO plugin v27.5 - https:\/\/yoast.com\/product\/yoast-seo-wordpress\/ -->\n<title>Foscarini Tress Media - TheReSales<\/title>\n<meta name=\"description\" content=\"De Tress Media is een ontwerp van Marc Sadler voor het merk Foscarini. Een fascinerende hanglamp die eruit ziet als een licht nest.\" \/>\n<meta name=\"robots\" content=\"index, follow, max-snippet:-1, max-image-preview:large, max-video-preview:-1\" \/>\n<link rel=\"canonical\" href=\"https:\/\/theresales.nl\/de\/produkt\/foscarini-tress-media\/\" \/>\n<meta property=\"og:locale\" content=\"de_DE\" \/>\n<meta property=\"og:type\" content=\"article\" \/>\n<meta property=\"og:title\" content=\"Foscarini Tress Media - TheReSales\" \/>\n<meta property=\"og:description\" content=\"De Tress Media is een ontwerp van Marc Sadler voor het merk Foscarini. Een fascinerende hanglamp die eruit ziet als een licht nest.\" \/>\n<meta property=\"og:url\" content=\"https:\/\/theresales.nl\/de\/produkt\/foscarini-tress-media\/\" \/>\n<meta property=\"og:site_name\" content=\"TheReSales\" \/>\n<meta property=\"article:publisher\" content=\"https:\/\/www.facebook.com\/theresales.nl\" \/>\n<meta property=\"article:modified_time\" content=\"2026-01-02T10:25:27+00:00\" \/>\n<meta property=\"og:image\" content=\"https:\/\/theresales.nl\/wp-content\/uploads\/2022\/12\/tress-media.jpg\" \/>\n\t<meta property=\"og:image:width\" content=\"1200\" \/>\n\t<meta property=\"og:image:height\" content=\"900\" \/>\n\t<meta property=\"og:image:type\" content=\"image\/jpeg\" \/>\n<meta name=\"twitter:card\" content=\"summary_large_image\" \/>\n<meta name=\"twitter:label1\" content=\"Gesch\u00e4tzte Lesezeit\" \/>\n\t<meta name=\"twitter:data1\" content=\"1\u00a0Minute\" \/>\n<!-- \/ Yoast SEO plugin. -->","yoast_head_json":{"title":"Foscarini Tress Media - TheReSales","description":"De Tress Media ist ein Entwurf von Marc Sadler f\u00fcr die Marke Foscarini. Eine faszinierende H\u00e4ngeleuchte, die wie ein lichtes Nest aussieht.","robots":{"index":"index","follow":"follow","max-snippet":"max-snippet:-1","max-image-preview":"max-image-preview:large","max-video-preview":"max-video-preview:-1"},"canonical":"https:\/\/theresales.nl\/de\/produkt\/foscarini-tress-media\/","og_locale":"de_DE","og_type":"article","og_title":"Foscarini Tress Media - TheReSales","og_description":"De Tress Media is een ontwerp van Marc Sadler voor het merk Foscarini. Een fascinerende hanglamp die eruit ziet als een licht nest.","og_url":"https:\/\/theresales.nl\/de\/produkt\/foscarini-tress-media\/","og_site_name":"TheReSales","article_publisher":"https:\/\/www.facebook.com\/theresales.nl","article_modified_time":"2026-01-02T10:25:27+00:00","og_image":[{"width":1200,"height":900,"url":"https:\/\/theresales.nl\/wp-content\/uploads\/2022\/12\/tress-media.jpg","type":"image\/jpeg"}],"twitter_card":"summary_large_image","twitter_misc":{"Gesch\u00e4tzte Lesezeit":"1\u00a0Minute"},"schema":{"@context":"https:\/\/schema.org","@graph":[{"@type":"WebPage","@id":"https:\/\/theresales.nl\/product\/foscarini-tress-media\/","url":"https:\/\/theresales.nl\/product\/foscarini-tress-media\/","name":"Foscarini Tress Media - TheReSales","isPartOf":{"@id":"https:\/\/theresales.nl\/#website"},"primaryImageOfPage":{"@id":"https:\/\/theresales.nl\/product\/foscarini-tress-media\/#primaryimage"},"image":{"@id":"https:\/\/theresales.nl\/product\/foscarini-tress-media\/#primaryimage"},"thumbnailUrl":"https:\/\/theresales.nl\/wp-content\/uploads\/2022\/12\/tress-media.jpg","datePublished":"2022-12-22T15:24:58+00:00","dateModified":"2026-01-02T10:25:27+00:00","description":"De Tress Media ist ein Entwurf von Marc Sadler f\u00fcr die Marke Foscarini. Eine faszinierende H\u00e4ngeleuchte, die wie ein lichtes Nest aussieht.","breadcrumb":{"@id":"https:\/\/theresales.nl\/product\/foscarini-tress-media\/#breadcrumb"},"inLanguage":"de","potentialAction":[{"@type":"ReadAction","target":["https:\/\/theresales.nl\/product\/foscarini-tress-media\/"]}]},{"@type":"ImageObject","inLanguage":"de","@id":"https:\/\/theresales.nl\/product\/foscarini-tress-media\/#primaryimage","url":"https:\/\/theresales.nl\/wp-content\/uploads\/2022\/12\/tress-media.jpg","contentUrl":"https:\/\/theresales.nl\/wp-content\/uploads\/2022\/12\/tress-media.jpg","width":1200,"height":900,"caption":"Hanglampen-Foscarini-Tress-media-TheReSales"},{"@type":"BreadcrumbList","@id":"https:\/\/theresales.nl\/product\/foscarini-tress-media\/#breadcrumb","itemListElement":[{"@type":"ListItem","position":1,"name":"Home","item":"https:\/\/theresales.nl\/"},{"@type":"ListItem","position":2,"name":"Collectie","item":"https:\/\/theresales.nl\/collectie\/"},{"@type":"ListItem","position":3,"name":"Foscarini Tress Media"}]},{"@type":"WebSite","@id":"https:\/\/theresales.nl\/#website","url":"https:\/\/theresales.nl\/","name":"TheReSales","description":"Tweedehands Design Meubelen","publisher":{"@id":"https:\/\/theresales.nl\/#organization"},"potentialAction":[{"@type":"SearchAction","target":{"@type":"EntryPoint","urlTemplate":"https:\/\/theresales.nl\/?s={search_term_string}"},"query-input":{"@type":"PropertyValueSpecification","valueRequired":true,"valueName":"search_term_string"}}],"inLanguage":"de"},{"@type":"Organization","@id":"https:\/\/theresales.nl\/#organization","name":"TheReSales","url":"https:\/\/theresales.nl\/","logo":{"@type":"ImageObject","inLanguage":"de","@id":"https:\/\/theresales.nl\/#\/schema\/logo\/image\/","url":"https:\/\/theresales.nl\/wp-content\/uploads\/2026\/04\/Logo-TheReSales.png","contentUrl":"https:\/\/theresales.nl\/wp-content\/uploads\/2026\/04\/Logo-TheReSales.png","width":1200,"height":304,"caption":"TheReSales"},"image":{"@id":"https:\/\/theresales.nl\/#\/schema\/logo\/image\/"},"sameAs":["https:\/\/www.facebook.com\/theresales.nl","https:\/\/www.instagram.com\/_theresales_\/","https:\/\/nl.pinterest.com\/theresalesgroningen\/","https:\/\/www.linkedin.com\/company\/theresales\/"]}]}},"_links":{"self":[{"href":"https:\/\/theresales.nl\/de\/wp-json\/wp\/v2\/product\/16501","targetHints":{"allow":["GET"]}}],"collection":[{"href":"https:\/\/theresales.nl\/de\/wp-json\/wp\/v2\/product"}],"about":[{"href":"https:\/\/theresales.nl\/de\/wp-json\/wp\/v2\/types\/product"}],"wp:featuredmedia":[{"embeddable":true,"href":"https:\/\/theresales.nl\/de\/wp-json\/wp\/v2\/media\/32792"}],"wp:attachment":[{"href":"https:\/\/theresales.nl\/de\/wp-json\/wp\/v2\/media?parent=16501"}],"wp:term":[{"taxonomy":"product_brand","embeddable":true,"href":"https:\/\/theresales.nl\/de\/wp-json\/wp\/v2\/product_brand?post=16501"},{"taxonomy":"product_cat","embeddable":true,"href":"https:\/\/theresales.nl\/de\/wp-json\/wp\/v2\/product_cat?post=16501"},{"taxonomy":"product_tag","embeddable":true,"href":"https:\/\/theresales.nl\/de\/wp-json\/wp\/v2\/product_tag?post=16501"},{"taxonomy":"ontwerper","embeddable":true,"href":"https:\/\/theresales.nl\/de\/wp-json\/wp\/v2\/ontwerper?post=16501"}],"curies":[{"name":"wp","href":"https:\/\/api.w.org\/{rel}","templated":true}]}}