{"id":15220,"date":"2022-11-24T16:44:44","date_gmt":"2022-11-24T15:44:44","guid":{"rendered":"https:\/\/theresales.nl\/?post_type=product&#038;p=15220"},"modified":"2026-01-02T11:26:17","modified_gmt":"2026-01-02T10:26:17","slug":"j-adams-co-vektor-stehlampe","status":"publish","type":"product","link":"https:\/\/theresales.nl\/de\/product\/j-adams-co-vector-floor-light\/","title":{"rendered":"J. Adams &amp; Co Vektor Stehleuchte"},"content":{"rendered":"<p>Die Vector Stehleuchte ist ein Entwurf der Marke J. Adams &amp; Co. Eine k\u00fchne und dynamische neue Lichtkollektion, die strukturiertes Messing erforscht. Mit ausgepr\u00e4gten grafischen Qualit\u00e4ten und einer ausgewogenen Form wird die moderne Silhouette dieser <a href=\"https:\/\/theresales.nl\/de\/produktkategorie\/lampen\/vloerlampen\/\" target=\"_blank\" rel=\"noopener\">Stehlampe<\/a> erhoben durch seine antiken Metallarbeiten, die eine auf dem <a href=\"https:\/\/nl.wikipedia.org\/wiki\/Middeleeuwen\" target=\"_blank\" rel=\"noopener\">Mitte des Jahrhunderts<\/a> inspirierte \u00c4sthetik gibt.<\/p>","protected":false},"excerpt":{"rendered":"<p><strong>Neupreis 2163,- Euro pro St\u00fcck<\/strong><\/p>\n<p><strong>Abmessungen<\/strong><br \/>\nBreite: 50 cm<br \/>\nH\u00f6he: 140 cm<\/p>\n<p><strong>Farbe<\/strong> Bronze<\/p>\n<p><strong>Material <\/strong>Metall<\/p>","protected":false},"featured_media":45701,"template":"","meta":{"_acf_changed":false},"product_brand":[],"product_cat":[35,141],"product_tag":[371],"ontwerper":[],"class_list":{"0":"post-15220","1":"product","2":"type-product","3":"status-publish","4":"has-post-thumbnail","6":"product_cat-lampen","7":"product_cat-vloerlampen","8":"product_tag-j-adams-co","10":"first","11":"instock","12":"shipping-taxable","13":"purchasable","14":"product-type-simple"},"acf":[],"yoast_head":"<!-- This site is optimized with the Yoast SEO plugin v27.5 - https:\/\/yoast.com\/product\/yoast-seo-wordpress\/ -->\n<title>J. Adams &amp; Co Vector Floor Light - TheReSales<\/title>\n<meta name=\"description\" content=\"De Vector Floor Light is een ontwerp van het merk J. Adams &amp; Co. Een gedurfde en dynamische nieuwe verlichtingscollectie die getextureerd messing verkent.\u00a0\" \/>\n<meta name=\"robots\" content=\"index, follow, max-snippet:-1, max-image-preview:large, max-video-preview:-1\" \/>\n<link rel=\"canonical\" href=\"https:\/\/theresales.nl\/de\/produkt\/j-adams-co-vektor-stehlampe\/\" \/>\n<meta property=\"og:locale\" content=\"de_DE\" \/>\n<meta property=\"og:type\" content=\"article\" \/>\n<meta property=\"og:title\" content=\"J. Adams &amp; Co Vector Floor Light - TheReSales\" \/>\n<meta property=\"og:description\" content=\"De Vector Floor Light is een ontwerp van het merk J. Adams &amp; Co. Een gedurfde en dynamische nieuwe verlichtingscollectie die getextureerd messing verkent.\u00a0\" \/>\n<meta property=\"og:url\" content=\"https:\/\/theresales.nl\/de\/produkt\/j-adams-co-vektor-stehlampe\/\" \/>\n<meta property=\"og:site_name\" content=\"TheReSales\" \/>\n<meta property=\"article:publisher\" content=\"https:\/\/www.facebook.com\/theresales.nl\" \/>\n<meta property=\"article:modified_time\" content=\"2026-01-02T10:26:17+00:00\" \/>\n<meta property=\"og:image\" content=\"https:\/\/theresales.nl\/wp-content\/uploads\/2022\/11\/vectot.jpg\" \/>\n\t<meta property=\"og:image:width\" content=\"1200\" \/>\n\t<meta property=\"og:image:height\" content=\"900\" \/>\n\t<meta property=\"og:image:type\" content=\"image\/jpeg\" \/>\n<meta name=\"twitter:card\" content=\"summary_large_image\" \/>\n<meta name=\"twitter:label1\" content=\"Gesch\u00e4tzte Lesezeit\" \/>\n\t<meta name=\"twitter:data1\" content=\"1\u00a0Minute\" \/>\n<!-- \/ Yoast SEO plugin. -->","yoast_head_json":{"title":"J. Adams &amp; Co Vektor Stehleuchte - TheReSales","description":"Die Vector Stehleuchte ist ein Entwurf der Marke J. Adams &amp; Co. Eine mutige und dynamische neue Beleuchtungskollektion, die strukturiertes Messing erkundet.\u00a0","robots":{"index":"index","follow":"follow","max-snippet":"max-snippet:-1","max-image-preview":"max-image-preview:large","max-video-preview":"max-video-preview:-1"},"canonical":"https:\/\/theresales.nl\/de\/produkt\/j-adams-co-vektor-stehlampe\/","og_locale":"de_DE","og_type":"article","og_title":"J. Adams & Co Vector Floor Light - TheReSales","og_description":"De Vector Floor Light is een ontwerp van het merk J. Adams & Co. Een gedurfde en dynamische nieuwe verlichtingscollectie die getextureerd messing verkent.\u00a0","og_url":"https:\/\/theresales.nl\/de\/produkt\/j-adams-co-vektor-stehlampe\/","og_site_name":"TheReSales","article_publisher":"https:\/\/www.facebook.com\/theresales.nl","article_modified_time":"2026-01-02T10:26:17+00:00","og_image":[{"width":1200,"height":900,"url":"https:\/\/theresales.nl\/wp-content\/uploads\/2022\/11\/vectot.jpg","type":"image\/jpeg"}],"twitter_card":"summary_large_image","twitter_misc":{"Gesch\u00e4tzte Lesezeit":"1\u00a0Minute"},"schema":{"@context":"https:\/\/schema.org","@graph":[{"@type":"WebPage","@id":"https:\/\/theresales.nl\/product\/j-adams-co-vector-floor-light\/","url":"https:\/\/theresales.nl\/product\/j-adams-co-vector-floor-light\/","name":"J. Adams &amp; Co Vektor Stehleuchte - TheReSales","isPartOf":{"@id":"https:\/\/theresales.nl\/#website"},"primaryImageOfPage":{"@id":"https:\/\/theresales.nl\/product\/j-adams-co-vector-floor-light\/#primaryimage"},"image":{"@id":"https:\/\/theresales.nl\/product\/j-adams-co-vector-floor-light\/#primaryimage"},"thumbnailUrl":"https:\/\/theresales.nl\/wp-content\/uploads\/2022\/11\/vectot.jpg","datePublished":"2022-11-24T15:44:44+00:00","dateModified":"2026-01-02T10:26:17+00:00","description":"Die Vector Stehleuchte ist ein Entwurf der Marke J. Adams &amp; Co. Eine mutige und dynamische neue Beleuchtungskollektion, die strukturiertes Messing erkundet.\u00a0","breadcrumb":{"@id":"https:\/\/theresales.nl\/product\/j-adams-co-vector-floor-light\/#breadcrumb"},"inLanguage":"de","potentialAction":[{"@type":"ReadAction","target":["https:\/\/theresales.nl\/product\/j-adams-co-vector-floor-light\/"]}]},{"@type":"ImageObject","inLanguage":"de","@id":"https:\/\/theresales.nl\/product\/j-adams-co-vector-floor-light\/#primaryimage","url":"https:\/\/theresales.nl\/wp-content\/uploads\/2022\/11\/vectot.jpg","contentUrl":"https:\/\/theresales.nl\/wp-content\/uploads\/2022\/11\/vectot.jpg","width":1200,"height":900,"caption":"Vloerlamp-J-Adams-&-Co-Vector-Floor-Light-TheReSales"},{"@type":"BreadcrumbList","@id":"https:\/\/theresales.nl\/product\/j-adams-co-vector-floor-light\/#breadcrumb","itemListElement":[{"@type":"ListItem","position":1,"name":"Home","item":"https:\/\/theresales.nl\/"},{"@type":"ListItem","position":2,"name":"Collectie","item":"https:\/\/theresales.nl\/collectie\/"},{"@type":"ListItem","position":3,"name":"J. Adams &#038; Co Vector Floor Light"}]},{"@type":"WebSite","@id":"https:\/\/theresales.nl\/#website","url":"https:\/\/theresales.nl\/","name":"TheReSales","description":"Tweedehands Design Meubelen","publisher":{"@id":"https:\/\/theresales.nl\/#organization"},"potentialAction":[{"@type":"SearchAction","target":{"@type":"EntryPoint","urlTemplate":"https:\/\/theresales.nl\/?s={search_term_string}"},"query-input":{"@type":"PropertyValueSpecification","valueRequired":true,"valueName":"search_term_string"}}],"inLanguage":"de"},{"@type":"Organization","@id":"https:\/\/theresales.nl\/#organization","name":"TheReSales","url":"https:\/\/theresales.nl\/","logo":{"@type":"ImageObject","inLanguage":"de","@id":"https:\/\/theresales.nl\/#\/schema\/logo\/image\/","url":"https:\/\/theresales.nl\/wp-content\/uploads\/2026\/04\/Logo-TheReSales.png","contentUrl":"https:\/\/theresales.nl\/wp-content\/uploads\/2026\/04\/Logo-TheReSales.png","width":1200,"height":304,"caption":"TheReSales"},"image":{"@id":"https:\/\/theresales.nl\/#\/schema\/logo\/image\/"},"sameAs":["https:\/\/www.facebook.com\/theresales.nl","https:\/\/www.instagram.com\/_theresales_\/","https:\/\/nl.pinterest.com\/theresalesgroningen\/","https:\/\/www.linkedin.com\/company\/theresales\/"]}]}},"_links":{"self":[{"href":"https:\/\/theresales.nl\/de\/wp-json\/wp\/v2\/product\/15220","targetHints":{"allow":["GET"]}}],"collection":[{"href":"https:\/\/theresales.nl\/de\/wp-json\/wp\/v2\/product"}],"about":[{"href":"https:\/\/theresales.nl\/de\/wp-json\/wp\/v2\/types\/product"}],"wp:featuredmedia":[{"embeddable":true,"href":"https:\/\/theresales.nl\/de\/wp-json\/wp\/v2\/media\/45701"}],"wp:attachment":[{"href":"https:\/\/theresales.nl\/de\/wp-json\/wp\/v2\/media?parent=15220"}],"wp:term":[{"taxonomy":"product_brand","embeddable":true,"href":"https:\/\/theresales.nl\/de\/wp-json\/wp\/v2\/product_brand?post=15220"},{"taxonomy":"product_cat","embeddable":true,"href":"https:\/\/theresales.nl\/de\/wp-json\/wp\/v2\/product_cat?post=15220"},{"taxonomy":"product_tag","embeddable":true,"href":"https:\/\/theresales.nl\/de\/wp-json\/wp\/v2\/product_tag?post=15220"},{"taxonomy":"ontwerper","embeddable":true,"href":"https:\/\/theresales.nl\/de\/wp-json\/wp\/v2\/ontwerper?post=15220"}],"curies":[{"name":"wp","href":"https:\/\/api.w.org\/{rel}","templated":true}]}}