{"id":12895,"date":"2022-09-29T16:35:48","date_gmt":"2022-09-29T14:35:48","guid":{"rendered":"https:\/\/theresales.nl\/?post_type=product&#038;p=12895"},"modified":"2026-01-02T11:22:44","modified_gmt":"2026-01-02T10:22:44","slug":"cappellini-tulpe","status":"publish","type":"product","link":"https:\/\/theresales.nl\/de\/product\/cappellini-tulip\/","title":{"rendered":"Cappellini Tulpe"},"content":{"rendered":"<p>Die Tulpe ist ein Design von <a href=\"https:\/\/www.marcelwanders.com\/\" target=\"_blank\" rel=\"noopener\">Marcel Wanders<\/a> f\u00fcr die Marke Cappellini. Diese Neuinterpretation des klassischen Tulpen <a href=\"https:\/\/theresales.nl\/de\/produktkategorie\/sessel\/\" target=\"_blank\" rel=\"noopener\">Sessel<\/a> wurde verl\u00e4ngert und vergr\u00f6\u00dfert. Daraus entstand die Wanders Tulip: ein drehbarer, mit rotem Stoff bezogener Sessel mit hoher R\u00fcckenlehne.<\/p>","protected":false},"excerpt":{"rendered":"<p><strong>Neupreis 8264 \u20ac pro St\u00fcck<\/strong><\/p>\n<p><strong>Abmessungen<\/strong><br \/>\nDurchmesser: 87 cm<br \/>\nH\u00f6he: 163 cm<br \/>\nSitzh\u00f6he: 43 cm<\/p>\n<p><strong>Farbe<\/strong>(Dunkel\/Ziegel) rot<br \/>\n<strong><br \/>\nMaterial<\/strong>Stoff, Metall<\/p>","protected":false},"featured_media":12896,"template":"","meta":{"_acf_changed":false},"product_brand":[],"product_cat":[19],"product_tag":[199],"ontwerper":[531],"class_list":{"0":"post-12895","1":"product","2":"type-product","3":"status-publish","4":"has-post-thumbnail","6":"product_cat-fauteuils","7":"product_tag-cappellini","8":"ontwerper-marcel-wanders","10":"first","11":"instock","12":"shipping-taxable","13":"purchasable","14":"product-type-simple"},"acf":[],"yoast_head":"<!-- This site is optimized with the Yoast SEO plugin v27.5 - https:\/\/yoast.com\/product\/yoast-seo-wordpress\/ -->\n<title>Cappellini Tulip - TheReSales<\/title>\n<meta name=\"description\" content=\"De Cappellini Tulip is een draaibare, in rood gestoffeerde fauteuil met een hoge rug ontworpen door Marcel Wanders. Deze herinterpretatie van de klassieke\" \/>\n<meta name=\"robots\" content=\"index, follow, max-snippet:-1, max-image-preview:large, max-video-preview:-1\" \/>\n<link rel=\"canonical\" href=\"https:\/\/theresales.nl\/de\/produkt\/cappellini-tulpe\/\" \/>\n<meta property=\"og:locale\" content=\"de_DE\" \/>\n<meta property=\"og:type\" content=\"article\" \/>\n<meta property=\"og:title\" content=\"Cappellini Tulip - TheReSales\" \/>\n<meta property=\"og:description\" content=\"De Cappellini Tulip is een draaibare, in rood gestoffeerde fauteuil met een hoge rug ontworpen door Marcel Wanders. Deze herinterpretatie van de klassieke\" \/>\n<meta property=\"og:url\" content=\"https:\/\/theresales.nl\/de\/produkt\/cappellini-tulpe\/\" \/>\n<meta property=\"og:site_name\" content=\"TheReSales\" \/>\n<meta property=\"article:publisher\" content=\"https:\/\/www.facebook.com\/theresales.nl\" \/>\n<meta property=\"article:modified_time\" content=\"2026-01-02T10:22:44+00:00\" \/>\n<meta property=\"og:image\" content=\"https:\/\/theresales.nl\/wp-content\/uploads\/2022\/09\/20220921_112441132_iOS-1-1024x768.jpg\" \/>\n\t<meta property=\"og:image:width\" content=\"1024\" \/>\n\t<meta property=\"og:image:height\" content=\"768\" \/>\n\t<meta property=\"og:image:type\" content=\"image\/jpeg\" \/>\n<meta name=\"twitter:card\" content=\"summary_large_image\" \/>\n<meta name=\"twitter:label1\" content=\"Gesch\u00e4tzte Lesezeit\" \/>\n\t<meta name=\"twitter:data1\" content=\"1\u00a0Minute\" \/>\n<!-- \/ Yoast SEO plugin. -->","yoast_head_json":{"title":"Cappellini Tulpe - TheReSales","description":"Der Cappellini Tulip ist ein drehbarer, rot gepolsterter Sessel mit hoher R\u00fcckenlehne, entworfen von Marcel Wanders. Diese Neuinterpretation des Klassikers","robots":{"index":"index","follow":"follow","max-snippet":"max-snippet:-1","max-image-preview":"max-image-preview:large","max-video-preview":"max-video-preview:-1"},"canonical":"https:\/\/theresales.nl\/de\/produkt\/cappellini-tulpe\/","og_locale":"de_DE","og_type":"article","og_title":"Cappellini Tulip - TheReSales","og_description":"De Cappellini Tulip is een draaibare, in rood gestoffeerde fauteuil met een hoge rug ontworpen door Marcel Wanders. Deze herinterpretatie van de klassieke","og_url":"https:\/\/theresales.nl\/de\/produkt\/cappellini-tulpe\/","og_site_name":"TheReSales","article_publisher":"https:\/\/www.facebook.com\/theresales.nl","article_modified_time":"2026-01-02T10:22:44+00:00","og_image":[{"width":1024,"height":768,"url":"https:\/\/theresales.nl\/wp-content\/uploads\/2022\/09\/20220921_112441132_iOS-1-1024x768.jpg","type":"image\/jpeg"}],"twitter_card":"summary_large_image","twitter_misc":{"Gesch\u00e4tzte Lesezeit":"1\u00a0Minute"},"schema":{"@context":"https:\/\/schema.org","@graph":[{"@type":"WebPage","@id":"https:\/\/theresales.nl\/product\/cappellini-tulip\/","url":"https:\/\/theresales.nl\/product\/cappellini-tulip\/","name":"Cappellini Tulpe - TheReSales","isPartOf":{"@id":"https:\/\/theresales.nl\/#website"},"primaryImageOfPage":{"@id":"https:\/\/theresales.nl\/product\/cappellini-tulip\/#primaryimage"},"image":{"@id":"https:\/\/theresales.nl\/product\/cappellini-tulip\/#primaryimage"},"thumbnailUrl":"https:\/\/theresales.nl\/wp-content\/uploads\/2022\/09\/20220921_112441132_iOS-1-scaled.jpg","datePublished":"2022-09-29T14:35:48+00:00","dateModified":"2026-01-02T10:22:44+00:00","description":"Der Cappellini Tulip ist ein drehbarer, rot gepolsterter Sessel mit hoher R\u00fcckenlehne, entworfen von Marcel Wanders. Diese Neuinterpretation des Klassikers","breadcrumb":{"@id":"https:\/\/theresales.nl\/product\/cappellini-tulip\/#breadcrumb"},"inLanguage":"de","potentialAction":[{"@type":"ReadAction","target":["https:\/\/theresales.nl\/product\/cappellini-tulip\/"]}]},{"@type":"ImageObject","inLanguage":"de","@id":"https:\/\/theresales.nl\/product\/cappellini-tulip\/#primaryimage","url":"https:\/\/theresales.nl\/wp-content\/uploads\/2022\/09\/20220921_112441132_iOS-1-scaled.jpg","contentUrl":"https:\/\/theresales.nl\/wp-content\/uploads\/2022\/09\/20220921_112441132_iOS-1-scaled.jpg","width":4000,"height":3000,"caption":"Cappellini-Tulip-TheReSales"},{"@type":"BreadcrumbList","@id":"https:\/\/theresales.nl\/product\/cappellini-tulip\/#breadcrumb","itemListElement":[{"@type":"ListItem","position":1,"name":"Home","item":"https:\/\/theresales.nl\/"},{"@type":"ListItem","position":2,"name":"Collectie","item":"https:\/\/theresales.nl\/collectie\/"},{"@type":"ListItem","position":3,"name":"Cappellini Tulip"}]},{"@type":"WebSite","@id":"https:\/\/theresales.nl\/#website","url":"https:\/\/theresales.nl\/","name":"TheReSales","description":"Tweedehands Design Meubelen","publisher":{"@id":"https:\/\/theresales.nl\/#organization"},"potentialAction":[{"@type":"SearchAction","target":{"@type":"EntryPoint","urlTemplate":"https:\/\/theresales.nl\/?s={search_term_string}"},"query-input":{"@type":"PropertyValueSpecification","valueRequired":true,"valueName":"search_term_string"}}],"inLanguage":"de"},{"@type":"Organization","@id":"https:\/\/theresales.nl\/#organization","name":"TheReSales","url":"https:\/\/theresales.nl\/","logo":{"@type":"ImageObject","inLanguage":"de","@id":"https:\/\/theresales.nl\/#\/schema\/logo\/image\/","url":"https:\/\/theresales.nl\/wp-content\/uploads\/2026\/04\/Logo-TheReSales.png","contentUrl":"https:\/\/theresales.nl\/wp-content\/uploads\/2026\/04\/Logo-TheReSales.png","width":1200,"height":304,"caption":"TheReSales"},"image":{"@id":"https:\/\/theresales.nl\/#\/schema\/logo\/image\/"},"sameAs":["https:\/\/www.facebook.com\/theresales.nl","https:\/\/www.instagram.com\/_theresales_\/","https:\/\/nl.pinterest.com\/theresalesgroningen\/","https:\/\/www.linkedin.com\/company\/theresales\/"]}]}},"_links":{"self":[{"href":"https:\/\/theresales.nl\/de\/wp-json\/wp\/v2\/product\/12895","targetHints":{"allow":["GET"]}}],"collection":[{"href":"https:\/\/theresales.nl\/de\/wp-json\/wp\/v2\/product"}],"about":[{"href":"https:\/\/theresales.nl\/de\/wp-json\/wp\/v2\/types\/product"}],"wp:featuredmedia":[{"embeddable":true,"href":"https:\/\/theresales.nl\/de\/wp-json\/wp\/v2\/media\/12896"}],"wp:attachment":[{"href":"https:\/\/theresales.nl\/de\/wp-json\/wp\/v2\/media?parent=12895"}],"wp:term":[{"taxonomy":"product_brand","embeddable":true,"href":"https:\/\/theresales.nl\/de\/wp-json\/wp\/v2\/product_brand?post=12895"},{"taxonomy":"product_cat","embeddable":true,"href":"https:\/\/theresales.nl\/de\/wp-json\/wp\/v2\/product_cat?post=12895"},{"taxonomy":"product_tag","embeddable":true,"href":"https:\/\/theresales.nl\/de\/wp-json\/wp\/v2\/product_tag?post=12895"},{"taxonomy":"ontwerper","embeddable":true,"href":"https:\/\/theresales.nl\/de\/wp-json\/wp\/v2\/ontwerper?post=12895"}],"curies":[{"name":"wp","href":"https:\/\/api.w.org\/{rel}","templated":true}]}}