{"id":4499,"date":"2022-03-09T09:18:28","date_gmt":"2022-03-09T08:18:28","guid":{"rendered":"https:\/\/theresales.nl\/?page_id=4499"},"modified":"2024-04-12T12:46:34","modified_gmt":"2024-04-12T10:46:34","slug":"plane-deinen-besuch","status":"publish","type":"page","link":"https:\/\/theresales.nl\/de\/plan-je-bezoek\/","title":{"rendered":"Planen Sie Ihren Besuch"},"content":{"rendered":"<section class=\"l-section wpb_row height_medium\"><div class=\"l-section-h i-cf\"><div class=\"g-cols vc_row via_grid cols_1 laptops-cols_inherit tablets-cols_inherit mobiles-cols_1 valign_top type_default stacking_default\"><div class=\"wpb_column vc_column_container\"><div class=\"vc_column-inner\"><div class=\"wpb_text_column us_custom_e5aea6d2\"><div class=\"wpb_wrapper\"><\/p>\n<h1>Planen Sie Ihren Besuch<\/h1>\n<p style=\"text-align: left;\">Bist du ein lustiger <a href=\"https:\/\/theresales.nl\/de\/sammlung\/\" target=\"_blank\" rel=\"noopener\">Gebraucht Design<\/a> M\u00f6belst\u00fcck von uns auf unserer Webseite, Social Media oder <a href=\"https:\/\/www.marktplaats.nl\/smb-profile\/profile\/20543227?utm_campaign=socialbuttons&amp;utm_medium=social&amp;utm_source=copy-btn\">Marktplatz<\/a> Und m\u00f6chten Sie mehr dar\u00fcber erfahren? Dann sind Sie herzlich willkommen in unserem <a href=\"https:\/\/theresales.nl\/de\/inspiraties\/\" target=\"_blank\" rel=\"noopener\">bunte<\/a> Showroom van ruim 3000m\u00b2 gelegen in de stad Groningen. Op maandag zijn we beschikbaar op afspraak. Van dinsdag tot en met zaterdag, en altijd op de eerste zondag van de maand, zijn we open voor bezoek. Als je liever een afspraak wilt maken op een van deze dagen (behalve op de zondag), is dat ook mogelijk. Mocht je gewenste tijd niet beschikbaar zijn, aarzel dan niet om gewoon langs te komen. We ontvangen je graag!<\/p>\n<p>\n<\/div><\/div><div class=\"wpb_text_column\"><div class=\"wpb_wrapper\"><\/p>\n<p>&nbsp;<\/p>\n<iframe src=\"https:\/\/theresales.nl\/de\/wp-json\/ssa\/v1\/embed-inner?integration&type=afspraak&label&types=1&edit&view&payment_provider&ssa_locale=de_DE&ssa_is_rtl&sid=168339bd69f98def320eef842ebc4e529f991ecc&availability_start_date&availability_end_date&suggest_first_available&suggest_first_available_within_minutes&flow&fallback_flow&time_view&date_view&appointment_types_view&version&accent_color&background&padding&font&booking_url=https%3A%2F%2Ftheresales.nl%2Fde%2Fplan-je-bezoek%2F&booking_post_id=4499&booking_title=Plan+je+bezoek&_wpnonce=283f6b3b0a&redirect_post_id&defer&mepr_membership_id#\/\" height=\"400px\" width=\"100%\" name=\"ssa_booking\" loading=\"eager\" frameborder=\"0\" data-skip-lazy=\"1\" class=\"ssa_booking_iframe skip-lazy\" title=\"Buche eine Uhrzeit\"><\/iframe>\n<\/div><\/div><\/div><\/div><\/div><\/div><\/section><section class=\"l-section wpb_row height_medium\"><div class=\"l-section-h i-cf\"><div class=\"g-cols vc_row via_grid cols_1 laptops-cols_inherit tablets-cols_inherit mobiles-cols_1 valign_top type_default stacking_default\"><div class=\"wpb_column vc_column_container\"><div class=\"vc_column-inner\"><\/div><\/div><\/div><\/div><\/section>","protected":false},"excerpt":{"rendered":"Plan je bezoek Ben je een leuke tweedehands design meubelstuk van ons tegengekomen op onze website, social media of Marktplaats en wil je hier meer over weten? Dan ben je van harte welkom in onze kleurrijke showroom van ruim 3000m\u00b2 gelegen in de stad Groningen. Op maandag zijn we beschikbaar op afspraak. Van dinsdag tot...","protected":false},"author":4,"featured_media":0,"parent":0,"menu_order":0,"comment_status":"closed","ping_status":"closed","template":"","meta":{"_acf_changed":false,"footnotes":""},"class_list":["post-4499","page","type-page","status-publish","hentry"],"acf":[],"yoast_head":"<!-- This site is optimized with the Yoast SEO plugin v27.5 - https:\/\/yoast.com\/product\/yoast-seo-wordpress\/ -->\n<title>Plan je bezoek - TheReSales<\/title>\n<meta name=\"description\" content=\"Plan je bezoek hier! Ben je een leuke tweedehands design meubelstuk tegengekomen op onze website, social media of Marktplaats of iets anders?\" \/>\n<meta name=\"robots\" content=\"index, follow, max-snippet:-1, max-image-preview:large, max-video-preview:-1\" \/>\n<link rel=\"canonical\" href=\"https:\/\/theresales.nl\/de\/plane-deinen-besuch\/\" \/>\n<meta property=\"og:locale\" content=\"de_DE\" \/>\n<meta property=\"og:type\" content=\"article\" \/>\n<meta property=\"og:title\" content=\"Plan je bezoek - TheReSales\" \/>\n<meta property=\"og:description\" content=\"Plan je bezoek hier! Ben je een leuke tweedehands design meubelstuk tegengekomen op onze website, social media of Marktplaats of iets anders?\" \/>\n<meta property=\"og:url\" content=\"https:\/\/theresales.nl\/de\/plane-deinen-besuch\/\" \/>\n<meta property=\"og:site_name\" content=\"TheReSales\" \/>\n<meta property=\"article:publisher\" content=\"https:\/\/www.facebook.com\/theresales.nl\" \/>\n<meta property=\"article:modified_time\" content=\"2024-04-12T10:46:34+00:00\" \/>\n<meta property=\"og:image\" content=\"https:\/\/theresales.nl\/wp-content\/uploads\/2026\/04\/Nieuw-achtergrond.jpg\" \/>\n\t<meta property=\"og:image:width\" content=\"1200\" \/>\n\t<meta property=\"og:image:height\" content=\"798\" \/>\n\t<meta property=\"og:image:type\" content=\"image\/jpeg\" \/>\n<meta name=\"twitter:card\" content=\"summary_large_image\" \/>\n<meta name=\"twitter:label1\" content=\"Gesch\u00e4tzte Lesezeit\" \/>\n\t<meta name=\"twitter:data1\" content=\"1\u00a0Minute\" \/>\n<!-- \/ Yoast SEO plugin. -->","yoast_head_json":{"title":"Besuchen Sie Ihren Plan - TheReSales","description":"Planen Sie Ihren Besuch hier! Sind Sie auf unserer Website, in sozialen Medien oder auf Marktplaats auf ein sch\u00f6nes gebrauchtes Designerm\u00f6belst\u00fcck oder etwas anderes gesto\u00dfen?","robots":{"index":"index","follow":"follow","max-snippet":"max-snippet:-1","max-image-preview":"max-image-preview:large","max-video-preview":"max-video-preview:-1"},"canonical":"https:\/\/theresales.nl\/de\/plane-deinen-besuch\/","og_locale":"de_DE","og_type":"article","og_title":"Plan je bezoek - TheReSales","og_description":"Plan je bezoek hier! Ben je een leuke tweedehands design meubelstuk tegengekomen op onze website, social media of Marktplaats of iets anders?","og_url":"https:\/\/theresales.nl\/de\/plane-deinen-besuch\/","og_site_name":"TheReSales","article_publisher":"https:\/\/www.facebook.com\/theresales.nl","article_modified_time":"2024-04-12T10:46:34+00:00","og_image":[{"width":1200,"height":798,"url":"https:\/\/theresales.nl\/wp-content\/uploads\/2026\/04\/Nieuw-achtergrond.jpg","type":"image\/jpeg"}],"twitter_card":"summary_large_image","twitter_misc":{"Gesch\u00e4tzte Lesezeit":"1\u00a0Minute"},"schema":{"@context":"https:\/\/schema.org","@graph":[{"@type":"WebPage","@id":"https:\/\/theresales.nl\/plan-je-bezoek\/","url":"https:\/\/theresales.nl\/plan-je-bezoek\/","name":"Besuchen Sie Ihren Plan - TheReSales","isPartOf":{"@id":"https:\/\/theresales.nl\/#website"},"datePublished":"2022-03-09T08:18:28+00:00","dateModified":"2024-04-12T10:46:34+00:00","description":"Planen Sie Ihren Besuch hier! Sind Sie auf unserer Website, in sozialen Medien oder auf Marktplaats auf ein sch\u00f6nes gebrauchtes Designerm\u00f6belst\u00fcck oder etwas anderes gesto\u00dfen?","breadcrumb":{"@id":"https:\/\/theresales.nl\/plan-je-bezoek\/#breadcrumb"},"inLanguage":"de","potentialAction":[{"@type":"ReadAction","target":["https:\/\/theresales.nl\/plan-je-bezoek\/"]}]},{"@type":"BreadcrumbList","@id":"https:\/\/theresales.nl\/plan-je-bezoek\/#breadcrumb","itemListElement":[{"@type":"ListItem","position":1,"name":"Home","item":"https:\/\/theresales.nl\/"},{"@type":"ListItem","position":2,"name":"Plan je bezoek"}]},{"@type":"WebSite","@id":"https:\/\/theresales.nl\/#website","url":"https:\/\/theresales.nl\/","name":"TheReSales","description":"Tweedehands Design Meubelen","publisher":{"@id":"https:\/\/theresales.nl\/#organization"},"potentialAction":[{"@type":"SearchAction","target":{"@type":"EntryPoint","urlTemplate":"https:\/\/theresales.nl\/?s={search_term_string}"},"query-input":{"@type":"PropertyValueSpecification","valueRequired":true,"valueName":"search_term_string"}}],"inLanguage":"de"},{"@type":"Organization","@id":"https:\/\/theresales.nl\/#organization","name":"TheReSales","url":"https:\/\/theresales.nl\/","logo":{"@type":"ImageObject","inLanguage":"de","@id":"https:\/\/theresales.nl\/#\/schema\/logo\/image\/","url":"https:\/\/theresales.nl\/wp-content\/uploads\/2026\/04\/Logo-TheReSales.png","contentUrl":"https:\/\/theresales.nl\/wp-content\/uploads\/2026\/04\/Logo-TheReSales.png","width":1200,"height":304,"caption":"TheReSales"},"image":{"@id":"https:\/\/theresales.nl\/#\/schema\/logo\/image\/"},"sameAs":["https:\/\/www.facebook.com\/theresales.nl","https:\/\/www.instagram.com\/_theresales_\/","https:\/\/nl.pinterest.com\/theresalesgroningen\/","https:\/\/www.linkedin.com\/company\/theresales\/"]}]}},"_links":{"self":[{"href":"https:\/\/theresales.nl\/de\/wp-json\/wp\/v2\/pages\/4499","targetHints":{"allow":["GET"]}}],"collection":[{"href":"https:\/\/theresales.nl\/de\/wp-json\/wp\/v2\/pages"}],"about":[{"href":"https:\/\/theresales.nl\/de\/wp-json\/wp\/v2\/types\/page"}],"author":[{"embeddable":true,"href":"https:\/\/theresales.nl\/de\/wp-json\/wp\/v2\/users\/4"}],"replies":[{"embeddable":true,"href":"https:\/\/theresales.nl\/de\/wp-json\/wp\/v2\/comments?post=4499"}],"version-history":[{"count":0,"href":"https:\/\/theresales.nl\/de\/wp-json\/wp\/v2\/pages\/4499\/revisions"}],"wp:attachment":[{"href":"https:\/\/theresales.nl\/de\/wp-json\/wp\/v2\/media?parent=4499"}],"curies":[{"name":"wp","href":"https:\/\/api.w.org\/{rel}","templated":true}]}}