{"id":4158,"date":"2022-02-06T12:48:27","date_gmt":"2022-02-06T11:48:27","guid":{"rendered":"https:\/\/theresales.nl\/?page_id=4158"},"modified":"2026-04-10T16:30:19","modified_gmt":"2026-04-10T14:30:19","slug":"liefern","status":"publish","type":"page","link":"https:\/\/theresales.nl\/de\/bezorgen\/","title":{"rendered":"Liefern"},"content":{"rendered":"<section class=\"l-section wpb_row height_small\"><div class=\"l-section-h i-cf\"><div class=\"g-cols vc_row via_grid cols_1 laptops-cols_inherit tablets-cols_inherit mobiles-cols_1 valign_top type_default stacking_default\"><div class=\"wpb_column vc_column_container\"><div class=\"vc_column-inner\"><div class=\"w-html\"><div style=\"font-family: 'Roboto', Arial, sans-serif; color: #111; max-width: 1200px; margin: 0 auto; padding: 0 24px;\">\n\n  <div style=\"text-align: center; padding: 48px 0 32px; border-bottom: 1px solid #e8e4de; margin-bottom: 40px;\">\n    <h1 style=\"font-size: 60px; font-weight: 700; letter-spacing: 0.02em; margin-bottom: 12px; font-family: 'Roboto', Arial, sans-serif;\">Liefern<\/h1>\n    <p style=\"font-size: 14px; color: #666; max-width: 600px; margin: 0 auto; line-height: 1.6;\">Wir stellen sicher, dass Ihre Designm\u00f6bel sicher und fachm\u00e4nnisch geliefert werden. Nachstehend finden Sie alle Informationen zu unserem Lieferservice und unseren \u00d6ffnungszeiten.<\/p>\n  <\/div>\n\n  <div style=\"max-width: 800px; margin: 0 auto; text-align: center;\">\n\n    <div style=\"margin-bottom: 50px;\">\n      <h2 style=\"font-size: 18px; font-weight: 700; letter-spacing: 0.04em; text-transform: uppercase; margin-bottom: 25px; display: inline-block;\">Innerhalb der Niederlande<\/h2>\n      \n      <div style=\"text-align: left; max-width: 600px; margin: 0 auto;\">\n        <div style=\"display: flex; align-items: flex-start; margin-bottom: 20px;\">\n          <span style=\"font-size: 20px; margin-right: 15px; filter: grayscale(100%);\">\ud83d\ude9b<\/span>\n          <div>\n            <strong style=\"display: block; font-size: 14px; margin-bottom: 5px; text-transform: uppercase; letter-spacing: 0.04em;\">Eigen Lieferservice<\/strong>\n            <p style=\"font-size: 14px; line-height: 1.7; color: #444;\">Mit unserem eigenen Lieferwagen liefern wir kleine bis gro\u00dfe Artikel in den Provinzen ab <strong>Groningen, Friesland &amp; Drenthe<\/strong>.<\/p>\n          <\/div>\n        <\/div>\n\n        <div style=\"display: flex; align-items: flex-start; margin-bottom: 20px;\">\n          <span style=\"font-size: 20px; margin-right: 15px; filter: grayscale(100%);\">\ud83d\udce6<\/span>\n          <div>\n            <strong style=\"display: block; font-size: 14px; margin-bottom: 5px; text-transform: uppercase; letter-spacing: 0.04em;\">Au\u00dferhalb von Nordholland<\/strong>\n            <p style=\"font-size: 14px; line-height: 1.7; color: #444;\">F\u00fcr andere Provinzen arbeiten wir mit einem festen Spediteur zusammen. Die Kosten h\u00e4ngen von der Gr\u00f6\u00dfe der Bestellung ab.<\/p>\n          <\/div>\n        <\/div>\n\n        <div style=\"display: flex; align-items: flex-start;\">\n          <span style=\"font-size: 20px; margin-right: 15px; filter: grayscale(100%);\">\u23f1<\/span>\n          <div>\n            <strong style=\"display: block; font-size: 14px; margin-bottom: 5px; text-transform: uppercase; letter-spacing: 0.04em;\">Lieferzeiten<\/strong>\n            <p style=\"font-size: 14px; line-height: 1.7; color: #444;\">Alle Bestellungen werden sp\u00e4testens <strong>innerhalb von 3 Wochen<\/strong> besorgt.<\/p>\n          <\/div>\n        <\/div>\n      <\/div>\n    <\/div>\n\n    <div style=\"margin-bottom: 50px;\">\n      <h2 style=\"font-size: 18px; font-weight: 700; letter-spacing: 0.04em; text-transform: uppercase; margin-bottom: 25px; display: inline-block;\">Besuch &amp; Abholung<\/h2>\n      \n      <div style=\"text-align: left; max-width: 600px; margin: 0 auto;\">\n        <div style=\"display: flex; align-items: flex-start; margin-bottom: 20px;\">\n          <span style=\"font-size: 20px; margin-right: 15px; filter: grayscale(100%);\">\ud83c\udf0d<\/span>\n          <div>\n            <strong style=\"display: block; font-size: 14px; margin-bottom: 5px; text-transform: uppercase; letter-spacing: 0.04em;\">International<\/strong>\n            <p style=\"font-size: 14px; line-height: 1.7; color: #444;\">Wir versenden weltweit. Kontaktieren Sie uns f\u00fcr ein individuelles Angebot f\u00fcr Transporte au\u00dferhalb der Niederlande.<\/p>\n          <\/div>\n        <\/div>\n\n        <div style=\"display: flex; align-items: flex-start;\">\n          <span style=\"font-size: 20px; margin-right: 15px; filter: grayscale(100%);\">\ud83d\udccd<\/span>\n          <div>\n            <strong style=\"display: block; font-size: 14px; margin-bottom: 5px; text-transform: uppercase; letter-spacing: 0.04em;\">Unser Schauraum<\/strong>\n            <p style=\"font-size: 14px; line-height: 1.7; color: #444;\">\n              K\u00f6nigs\u00adweg 1D, 9731 AM Groningen<br><br>\n              <strong style=\"color: #c0392b;\">Montag bis Mittwoch: Geschlossen<\/strong><br>\n              <span>Donnerstag bis Samstag: 11:00 - 17:00 Uhr<\/span><br>\n              <span>Erste Sonntag im Monat: 13:00 - 16:00 Uhr<\/span>\n            <\/p>\n          <\/div>\n        <\/div>\n      <\/div>\n    <\/div>\n\n  <\/div>\n\n  <div style=\"margin-top: 60px; background: #111; color: #fff; padding: 30px; display: flex; align-items: center; justify-content: center; gap: 40px; flex-wrap: wrap;\">\n     <div style=\"font-size: 13px; font-weight: 600; text-transform: uppercase; letter-spacing: 0.1em;\"><span style=\"color: #fff; margin-right: 10px;\">\u2713<\/span> Kostenlose Lieferung in der Stadt Groningen<\/div>\n     <div style=\"font-size: 13px; font-weight: 600; text-transform: uppercase; letter-spacing: 0.1em;\"><span style=\"color: #fff; margin-right: 10px;\">\u2713<\/span> Sofort ab Lager lieferbar<\/div>\n     <div style=\"font-size: 13px; font-weight: 600; text-transform: uppercase; letter-spacing: 0.1em;\"><span style=\"color: #fff; margin-right: 10px;\">\u2713<\/span> 3000m\u00b2 Designerlebnis<\/div>\n  <\/div>\n\n<\/div><\/div><\/div><\/div><\/div><\/div><\/section>","protected":false},"excerpt":{"rendered":"Bezorgen Wij zorgen ervoor dat jouw designmeubelen veilig en vakkundig worden afgeleverd. Hieronder vind je alle informatie over onze bezorgservice en openingstijden. Binnen Nederland \ud83d\ude9b Eigen Bezorgservice Met onze eigen vrachtauto leveren wij kleine tot grote artikelen af in de provincies Groningen, Friesland &amp; Drenthe. \ud83d\udce6 Buiten Noord-Nederland Voor overige provincies werken wij samen met...","protected":false},"author":4,"featured_media":13343,"parent":0,"menu_order":0,"comment_status":"closed","ping_status":"closed","template":"","meta":{"_acf_changed":false,"footnotes":""},"class_list":["post-4158","page","type-page","status-publish","has-post-thumbnail","hentry"],"acf":[],"yoast_head":"<!-- This site is optimized with the Yoast SEO plugin v27.5 - https:\/\/yoast.com\/product\/yoast-seo-wordpress\/ -->\n<title>Bezorgen - TheReSales<\/title>\n<meta name=\"description\" content=\"Bezorgen is bij ons nooit een probleem. Na aankoop wordt er eerst in overleg een bezorgafspraak gemaakt. Onze levertijd is maximaal 3 weken.\" \/>\n<meta name=\"robots\" content=\"index, follow, max-snippet:-1, max-image-preview:large, max-video-preview:-1\" \/>\n<link rel=\"canonical\" href=\"https:\/\/theresales.nl\/de\/liefern\/\" \/>\n<meta property=\"og:locale\" content=\"de_DE\" \/>\n<meta property=\"og:type\" content=\"article\" \/>\n<meta property=\"og:title\" content=\"Bezorgen - TheReSales\" \/>\n<meta property=\"og:description\" content=\"Bezorgen is bij ons nooit een probleem. Na aankoop wordt er eerst in overleg een bezorgafspraak gemaakt. Onze levertijd is maximaal 3 weken.\" \/>\n<meta property=\"og:url\" content=\"https:\/\/theresales.nl\/de\/liefern\/\" \/>\n<meta property=\"og:site_name\" content=\"TheReSales\" \/>\n<meta property=\"article:publisher\" content=\"https:\/\/www.facebook.com\/theresales.nl\" \/>\n<meta property=\"article:modified_time\" content=\"2026-04-10T14:30:19+00:00\" \/>\n<meta property=\"og:image\" content=\"https:\/\/theresales.nl\/wp-content\/uploads\/2022\/10\/theresales.png\" \/>\n\t<meta property=\"og:image:width\" content=\"500\" \/>\n\t<meta property=\"og:image:height\" content=\"500\" \/>\n\t<meta property=\"og:image:type\" content=\"image\/png\" \/>\n<meta name=\"twitter:card\" content=\"summary_large_image\" \/>\n<meta name=\"twitter:label1\" content=\"Gesch\u00e4tzte Lesezeit\" \/>\n\t<meta name=\"twitter:data1\" content=\"2\u00a0Minuten\" \/>\n<!-- \/ Yoast SEO plugin. -->","yoast_head_json":{"title":"Liefern - TheReSales","description":"Lieferung ist bei uns nie ein Problem. Nach dem Kauf wird zuerst ein Liefertermin in Absprache vereinbart. Unsere Lieferzeit betr\u00e4gt maximal 3 Wochen.","robots":{"index":"index","follow":"follow","max-snippet":"max-snippet:-1","max-image-preview":"max-image-preview:large","max-video-preview":"max-video-preview:-1"},"canonical":"https:\/\/theresales.nl\/de\/liefern\/","og_locale":"de_DE","og_type":"article","og_title":"Bezorgen - TheReSales","og_description":"Bezorgen is bij ons nooit een probleem. Na aankoop wordt er eerst in overleg een bezorgafspraak gemaakt. Onze levertijd is maximaal 3 weken.","og_url":"https:\/\/theresales.nl\/de\/liefern\/","og_site_name":"TheReSales","article_publisher":"https:\/\/www.facebook.com\/theresales.nl","article_modified_time":"2026-04-10T14:30:19+00:00","og_image":[{"width":500,"height":500,"url":"https:\/\/theresales.nl\/wp-content\/uploads\/2022\/10\/theresales.png","type":"image\/png"}],"twitter_card":"summary_large_image","twitter_misc":{"Gesch\u00e4tzte Lesezeit":"2\u00a0Minuten"},"schema":{"@context":"https:\/\/schema.org","@graph":[{"@type":"WebPage","@id":"https:\/\/theresales.nl\/bezorgen\/","url":"https:\/\/theresales.nl\/bezorgen\/","name":"Liefern - TheReSales","isPartOf":{"@id":"https:\/\/theresales.nl\/#website"},"primaryImageOfPage":{"@id":"https:\/\/theresales.nl\/bezorgen\/#primaryimage"},"image":{"@id":"https:\/\/theresales.nl\/bezorgen\/#primaryimage"},"thumbnailUrl":"https:\/\/theresales.nl\/wp-content\/uploads\/2022\/10\/theresales.png","datePublished":"2022-02-06T11:48:27+00:00","dateModified":"2026-04-10T14:30:19+00:00","description":"Lieferung ist bei uns nie ein Problem. Nach dem Kauf wird zuerst ein Liefertermin in Absprache vereinbart. Unsere Lieferzeit betr\u00e4gt maximal 3 Wochen.","breadcrumb":{"@id":"https:\/\/theresales.nl\/bezorgen\/#breadcrumb"},"inLanguage":"de","potentialAction":[{"@type":"ReadAction","target":["https:\/\/theresales.nl\/bezorgen\/"]}]},{"@type":"ImageObject","inLanguage":"de","@id":"https:\/\/theresales.nl\/bezorgen\/#primaryimage","url":"https:\/\/theresales.nl\/wp-content\/uploads\/2022\/10\/theresales.png","contentUrl":"https:\/\/theresales.nl\/wp-content\/uploads\/2022\/10\/theresales.png","width":500,"height":500,"caption":"Betalen-Bezorgen-Merken-TheReSales"},{"@type":"BreadcrumbList","@id":"https:\/\/theresales.nl\/bezorgen\/#breadcrumb","itemListElement":[{"@type":"ListItem","position":1,"name":"Home","item":"https:\/\/theresales.nl\/"},{"@type":"ListItem","position":2,"name":"Bezorgen"}]},{"@type":"WebSite","@id":"https:\/\/theresales.nl\/#website","url":"https:\/\/theresales.nl\/","name":"TheReSales","description":"Tweedehands Design Meubelen","publisher":{"@id":"https:\/\/theresales.nl\/#organization"},"potentialAction":[{"@type":"SearchAction","target":{"@type":"EntryPoint","urlTemplate":"https:\/\/theresales.nl\/?s={search_term_string}"},"query-input":{"@type":"PropertyValueSpecification","valueRequired":true,"valueName":"search_term_string"}}],"inLanguage":"de"},{"@type":"Organization","@id":"https:\/\/theresales.nl\/#organization","name":"TheReSales","url":"https:\/\/theresales.nl\/","logo":{"@type":"ImageObject","inLanguage":"de","@id":"https:\/\/theresales.nl\/#\/schema\/logo\/image\/","url":"https:\/\/theresales.nl\/wp-content\/uploads\/2026\/04\/Logo-TheReSales.png","contentUrl":"https:\/\/theresales.nl\/wp-content\/uploads\/2026\/04\/Logo-TheReSales.png","width":1200,"height":304,"caption":"TheReSales"},"image":{"@id":"https:\/\/theresales.nl\/#\/schema\/logo\/image\/"},"sameAs":["https:\/\/www.facebook.com\/theresales.nl","https:\/\/www.instagram.com\/_theresales_\/","https:\/\/nl.pinterest.com\/theresalesgroningen\/","https:\/\/www.linkedin.com\/company\/theresales\/"]}]}},"_links":{"self":[{"href":"https:\/\/theresales.nl\/de\/wp-json\/wp\/v2\/pages\/4158","targetHints":{"allow":["GET"]}}],"collection":[{"href":"https:\/\/theresales.nl\/de\/wp-json\/wp\/v2\/pages"}],"about":[{"href":"https:\/\/theresales.nl\/de\/wp-json\/wp\/v2\/types\/page"}],"author":[{"embeddable":true,"href":"https:\/\/theresales.nl\/de\/wp-json\/wp\/v2\/users\/4"}],"replies":[{"embeddable":true,"href":"https:\/\/theresales.nl\/de\/wp-json\/wp\/v2\/comments?post=4158"}],"version-history":[{"count":0,"href":"https:\/\/theresales.nl\/de\/wp-json\/wp\/v2\/pages\/4158\/revisions"}],"wp:featuredmedia":[{"embeddable":true,"href":"https:\/\/theresales.nl\/de\/wp-json\/wp\/v2\/media\/13343"}],"wp:attachment":[{"href":"https:\/\/theresales.nl\/de\/wp-json\/wp\/v2\/media?parent=4158"}],"curies":[{"name":"wp","href":"https:\/\/api.w.org\/{rel}","templated":true}]}}