{"id":4156,"date":"2022-02-06T12:45:26","date_gmt":"2022-02-06T11:45:26","guid":{"rendered":"https:\/\/theresales.nl\/?page_id=4156"},"modified":"2025-03-13T13:29:10","modified_gmt":"2025-03-13T12:29:10","slug":"haufig-gestellte-fragen","status":"publish","type":"page","link":"https:\/\/theresales.nl\/de\/veelgestelde-vragen\/","title":{"rendered":"H\u00e4ufig gestellte Fragen"},"content":{"rendered":"<section class=\"l-section wpb_row height_medium\"><div class=\"l-section-h i-cf\"><div class=\"g-cols vc_row via_grid cols_1 laptops-cols_inherit tablets-cols_inherit mobiles-cols_1 valign_top type_default stacking_default\"><div class=\"wpb_column vc_column_container\"><div class=\"vc_column-inner\"><nav class=\"g-breadcrumbs separator_icon align_none\" itemscope itemtype=\"http:\/\/schema.org\/BreadcrumbList\"><div class=\"g-breadcrumbs-item\" itemscope itemprop=\"itemListElement\" itemtype=\"http:\/\/schema.org\/ListItem\"><a itemprop=\"item\" href=\"https:\/\/theresales.nl\/de\/\"><span itemprop=\"name\">Anfang<\/span><\/a><meta itemprop=\"position\" content=\"1\"\/><\/div><div class=\"g-breadcrumbs-separator\"><i class=\"far fa-angle-right\"><\/i><\/div><div class=\"g-breadcrumbs-item\">Seiten<\/div><\/nav><div class=\"w-separator size_medium\"><\/div><div class=\"wpb_text_column\"><div class=\"wpb_wrapper\"><\/p>\n<h2>H\u00e4ufig gestellte Fragen<\/h2>\n<p>\n<\/div><\/div><\/div><\/div><\/div><\/div><\/section><section class=\"l-section wpb_row height_medium\"><div class=\"l-section-h i-cf\"><div class=\"g-cols vc_row via_grid cols_custom laptops-cols_inherit tablets-cols_inherit mobiles-cols_1 valign_top type_default stacking_default\" style=\"--custom-columns:4fr 0.5fr 1.5fr \"><div class=\"wpb_column vc_column_container\"><div class=\"vc_column-inner\"><div class=\"w-tabs style_default switch_click accordion has_scrolling remove_indents\" style=\"--sections-title-size:1.5rem\"><div class=\"w-tabs-sections titles-align_none icon_chevron cpos_right\"><div class=\"w-tabs-section\" id=\"1566218453853-11582232-fe8d\" itemscope itemprop=\"mainEntity\" itemtype=\"https:\/\/schema.org\/Question\"><button class=\"w-tabs-section-header\" aria-controls=\"content-1566218453853-11582232-fe8d\" aria-expanded=\"false\"><div class=\"w-tabs-section-title\" itemprop=\"name\">Wo kann ich Ihren Ausstellungsraum besuchen?<\/div><div class=\"w-tabs-section-control\"><\/div><\/button><div  class=\"w-tabs-section-content\" id=\"content-1566218453853-11582232-fe8d\" itemscope itemprop=\"acceptedAnswer\" itemtype=\"https:\/\/schema.org\/Answer\"><div class=\"w-tabs-section-content-h i-cf\" itemprop=\"text\"><div class=\"wpb_text_column\"><div class=\"wpb_wrapper\"><p>Wir begr\u00fc\u00dfen Sie herzlich am <strong>K\u00f6nigsstra\u00dfe 1D, 9731 AM<\/strong>\u00a0<strong>Groningen<\/strong>. Um gleich einen guten Eindruck von unserer Ausstellung zu bekommen, k\u00f6nnen Sie jetzt auch <a href=\"https:\/\/theresales.nl\/de\/360-showroom\/\" target=\"_blank\" rel=\"noopener\">virtuell<\/a> durch unsere Ausstellung laufen!<\/p>\n<\/div><\/div><\/div><\/div><\/div><div class=\"w-tabs-section\" id=\"1566219987763-973f9b42-767d\" itemscope itemprop=\"mainEntity\" itemtype=\"https:\/\/schema.org\/Question\"><button class=\"w-tabs-section-header\" aria-controls=\"content-1566219987763-973f9b42-767d\" aria-expanded=\"false\"><div class=\"w-tabs-section-title\" itemprop=\"name\">Ist der Showroom immer zu besuchen?<\/div><div class=\"w-tabs-section-control\"><\/div><\/button><div  class=\"w-tabs-section-content\" id=\"content-1566219987763-973f9b42-767d\" itemscope itemprop=\"acceptedAnswer\" itemtype=\"https:\/\/schema.org\/Answer\"><div class=\"w-tabs-section-content-h i-cf\" itemprop=\"text\"><div class=\"wpb_text_column\"><div class=\"wpb_wrapper\"><\/p>\n<p>F\u00fcr (spontanes) Vorbeikommen sind wir 3 Tage pro Woche ge\u00f6ffnet. An den \u00fcbrigen Tagen empfehlen wir, einen Termin \u00fcber unser zu vereinbaren. <a href=\"https:\/\/theresales.nl\/de\/plane-deinen-besuch\/\" target=\"_blank\" rel=\"noopener\"><strong>Kontaktformular<\/strong><\/a>, Telefonnummer <strong>06 31908242<\/strong> von E-Mail-Adresse <strong>info@theresales.nl<\/strong>. Dies sind unsere \u00d6ffnungszeiten:<\/p>\n<p><strong>Montag bis Mittwoch <\/strong>ge\u00f6ffnet nach Vereinbarung<\/p>\n<p><strong>Donnerstag bis Samstag <\/strong>11.00 bis 17.00 Uhr<\/p>\n<p><strong>Erste Sonntag des Monats <\/strong>13.00 bis 16.00 Uhr<\/p>\n<p>\n<\/div><\/div><\/div><\/div><\/div><div class=\"w-tabs-section\" id=\"m17e\" itemscope itemprop=\"mainEntity\" itemtype=\"https:\/\/schema.org\/Question\"><button class=\"w-tabs-section-header\" aria-controls=\"content-m17e\" aria-expanded=\"false\"><div class=\"w-tabs-section-title\" itemprop=\"name\">Wie ist der Zustand Ihrer gebrauchten Designerm\u00f6bel?<\/div><div class=\"w-tabs-section-control\"><\/div><\/button><div  class=\"w-tabs-section-content\" id=\"content-m17e\" itemscope itemprop=\"acceptedAnswer\" itemtype=\"https:\/\/schema.org\/Answer\"><div class=\"w-tabs-section-content-h i-cf\" itemprop=\"text\"><div class=\"wpb_text_column\"><div class=\"wpb_wrapper\"><p>Fast alle unsere Produkte sind im Neuzustand bis leicht gebraucht mit minimalen Gebrauchsspuren.<\/p>\n<\/div><\/div><\/div><\/div><\/div><div class=\"w-tabs-section\" id=\"1566220069277-6041333f-a677\" itemscope itemprop=\"mainEntity\" itemtype=\"https:\/\/schema.org\/Question\"><button class=\"w-tabs-section-header\" aria-controls=\"content-1566220069277-6041333f-a677\" aria-expanded=\"false\"><div class=\"w-tabs-section-title\" itemprop=\"name\">Stimmt die St\u00fcckzahl pro Produkt auf der Website?<\/div><div class=\"w-tabs-section-control\"><\/div><\/button><div  class=\"w-tabs-section-content\" id=\"content-1566220069277-6041333f-a677\" itemscope itemprop=\"acceptedAnswer\" itemtype=\"https:\/\/schema.org\/Answer\"><div class=\"w-tabs-section-content-h i-cf\" itemprop=\"text\"><div class=\"wpb_text_column\"><div class=\"wpb_wrapper\"><p>Wir haben w\u00f6chentlich wechselndes Angebot. Nehmen Sie kurz Kontakt auf f\u00fcr den aktuellen Vorrat.<\/p>\n<\/div><\/div><\/div><\/div><\/div><div class=\"w-tabs-section\" id=\"1566220067800-e30e48ec-0ec2\" itemscope itemprop=\"mainEntity\" itemtype=\"https:\/\/schema.org\/Question\"><button class=\"w-tabs-section-header\" aria-controls=\"content-1566220067800-e30e48ec-0ec2\" aria-expanded=\"false\"><div class=\"w-tabs-section-title\" itemprop=\"name\">Ist es m\u00f6glich, zu retournieren?<\/div><div class=\"w-tabs-section-control\"><\/div><\/button><div  class=\"w-tabs-section-content\" id=\"content-1566220067800-e30e48ec-0ec2\" itemscope itemprop=\"acceptedAnswer\" itemtype=\"https:\/\/schema.org\/Answer\"><div class=\"w-tabs-section-content-h i-cf\" itemprop=\"text\"><div class=\"wpb_text_column\"><div class=\"wpb_wrapper\"><p>Grunds\u00e4tzlich nehmen wir keine Produkte zur\u00fcck.<\/p>\n<\/div><\/div><\/div><\/div><\/div><div class=\"w-tabs-section\" id=\"1566220067800-e30e48ec-0ec2\" itemscope itemprop=\"mainEntity\" itemtype=\"https:\/\/schema.org\/Question\"><button class=\"w-tabs-section-header\" aria-controls=\"content-1566220067800-e30e48ec-0ec2\" aria-expanded=\"false\"><div class=\"w-tabs-section-title\" itemprop=\"name\">Kaufen Sie auch gebrauchte Waren zur\u00fcck?<\/div><div class=\"w-tabs-section-control\"><\/div><\/button><div  class=\"w-tabs-section-content\" id=\"content-1566220067800-e30e48ec-0ec2\" itemscope itemprop=\"acceptedAnswer\" itemtype=\"https:\/\/schema.org\/Answer\"><div class=\"w-tabs-section-content-h i-cf\" itemprop=\"text\"><div class=\"wpb_text_column\"><div class=\"wpb_wrapper\"><\/p>\n<p>Wir sind st\u00e4ndig auf der Suche nach einzigartigen Designst\u00fccken. Auf unserem Besonderen <a href=\"https:\/\/theresales.nl\/de\/einkauf\/\">Einkauf<\/a> K\u00f6nnen Sie einzigartige Artikel anbieten. Wenn diese Designst\u00fccke zu unserem Stil passen, werden wir Sie innerhalb von 3 Tagen per E-Mail dar\u00fcber informieren.<\/p>\n<p>\n<\/div><\/div><\/div><\/div><\/div><\/div><\/div><\/div><\/div><div class=\"wpb_column vc_column_container\"><div class=\"vc_column-inner\"><\/div><\/div><div class=\"wpb_column vc_column_container\"><div class=\"vc_column-inner\"><nav class=\"w-menu us_custom_d801f8ff layout_ver style_links us_menu_1\" style=\"--main-gap:1.5rem;--main-ver-indent:0.8em;--main-hor-indent:0.8em;--main-hover-color:#f00202;--main-active-color:#eb0000;\"><ul id=\"menu-sidebar-faq\" class=\"menu\"><li id=\"menu-item-12019\" class=\"menu-item menu-item-type-post_type menu-item-object-page menu-item-12019\"><a href=\"https:\/\/theresales.nl\/de\/betalen\/\">Bezahlen<\/a><\/li><li id=\"menu-item-4198\" class=\"menu-item menu-item-type-post_type menu-item-object-page menu-item-4198\"><a href=\"https:\/\/theresales.nl\/de\/bezorgen\/\">Liefern<\/a><\/li><li id=\"menu-item-4196\" class=\"menu-item menu-item-type-post_type menu-item-object-page menu-item-4196\"><a href=\"https:\/\/theresales.nl\/de\/veelgestelde-vragen\/\">H\u00e4ufig gestellte Fragen<\/a><\/li><\/ul><style>@media ( max-width:600px ){.us_menu_1 .menu{display:block!important}.us_menu_1 .menu>li:not(:last-child){margin:0 0 var(--main-gap,1.5rem)!important}}<\/style><\/nav><\/div><\/div><\/div><\/div><\/section><section class=\"l-section wpb_row height_auto width_full\"><div class=\"l-section-h i-cf\"><div class=\"g-cols vc_row via_grid cols_1 laptops-cols_inherit tablets-cols_inherit mobiles-cols_1 valign_top type_default stacking_default\"><div class=\"wpb_column vc_column_container\"><div class=\"vc_column-inner\"><div class=\"w-actionbox us_custom_596e6acb has_text_color color_primary controls_right\"><div class=\"w-actionbox-text\"><h3 class=\"w-actionbox-title\">Neugierig?<\/h3><div class=\"w-actionbox-description\"><\/p>\n<p>M\u00f6chtest du mehr wissen oder hast du eine spezielle Suchanfrage? Lass es uns dann schnell wissen und wir machen uns an die Arbeit!<\/p>\n<p>\n<\/div><\/div><div class=\"w-actionbox-controls\"><a class=\"w-btn us-btn-style_3\" target=\"_blank\" rel=\"nofollow\" title=\"Kontakt\" href=\"https:\/\/theresales.nl\/de\/kontakt\/\"><span class=\"w-btn-label\">Kontakt aufnehmen<\/span><\/a><\/div><\/div><\/div><\/div><\/div><\/div><\/section>","protected":false},"excerpt":{"rendered":"StartSeitenVeelgestelde Vragen Waar kan ik jullie showroom bezoeken?Wij verwelkomen jou graag aan de Koningsweg 1D, 9731 AM\u00a0Groningen. Om gelijk een goed beeld te krijgen van onze showroom kun je nu ook virtueel door onze showroom lopen! Is de showroom altijd te bezoeken?Voor (spontane) inloop zijn wij 3 dagen in de week open. De overige dagen...","protected":false},"author":4,"featured_media":0,"parent":0,"menu_order":0,"comment_status":"closed","ping_status":"closed","template":"","meta":{"_acf_changed":false,"footnotes":""},"class_list":["post-4156","page","type-page","status-publish","hentry"],"acf":[],"yoast_head":"<!-- This site is optimized with the Yoast SEO plugin v27.5 - https:\/\/yoast.com\/product\/yoast-seo-wordpress\/ -->\n<title>Veelgestelde vragen - TheReSales<\/title>\n<meta name=\"description\" content=\"Veelgestelde vragen: locatie en openingstijden showroom, conditie product, voorraadstatus, retourneren en inkoop\" \/>\n<meta name=\"robots\" content=\"index, follow, max-snippet:-1, max-image-preview:large, max-video-preview:-1\" \/>\n<link rel=\"canonical\" href=\"https:\/\/theresales.nl\/de\/haufig-gestellte-fragen\/\" \/>\n<meta property=\"og:locale\" content=\"de_DE\" \/>\n<meta property=\"og:type\" content=\"article\" \/>\n<meta property=\"og:title\" content=\"Veelgestelde vragen - TheReSales\" \/>\n<meta property=\"og:description\" content=\"Veelgestelde vragen: locatie en openingstijden showroom, conditie product, voorraadstatus, retourneren en inkoop\" \/>\n<meta property=\"og:url\" content=\"https:\/\/theresales.nl\/de\/haufig-gestellte-fragen\/\" \/>\n<meta property=\"og:site_name\" content=\"TheReSales\" \/>\n<meta property=\"article:publisher\" content=\"https:\/\/www.facebook.com\/theresales.nl\" \/>\n<meta property=\"article:modified_time\" content=\"2025-03-13T12:29:10+00:00\" \/>\n<meta property=\"og:image\" content=\"https:\/\/theresales.nl\/wp-content\/uploads\/2026\/04\/Nieuw-achtergrond.jpg\" \/>\n\t<meta property=\"og:image:width\" content=\"1200\" \/>\n\t<meta property=\"og:image:height\" content=\"798\" \/>\n\t<meta property=\"og:image:type\" content=\"image\/jpeg\" \/>\n<meta name=\"twitter:card\" content=\"summary_large_image\" \/>\n<meta name=\"twitter:label1\" content=\"Gesch\u00e4tzte Lesezeit\" \/>\n\t<meta name=\"twitter:data1\" content=\"2\u00a0Minuten\" \/>\n<!-- \/ Yoast SEO plugin. -->","yoast_head_json":{"title":"H\u00e4ufig gestellte Fragen - TheReSales","description":"H\u00e4ufig gestellte Fragen: Standort und \u00d6ffnungszeiten Ausstellung, Produktzustand, Lagerbestand, Retouren und Kauf","robots":{"index":"index","follow":"follow","max-snippet":"max-snippet:-1","max-image-preview":"max-image-preview:large","max-video-preview":"max-video-preview:-1"},"canonical":"https:\/\/theresales.nl\/de\/haufig-gestellte-fragen\/","og_locale":"de_DE","og_type":"article","og_title":"Veelgestelde vragen - TheReSales","og_description":"Veelgestelde vragen: locatie en openingstijden showroom, conditie product, voorraadstatus, retourneren en inkoop","og_url":"https:\/\/theresales.nl\/de\/haufig-gestellte-fragen\/","og_site_name":"TheReSales","article_publisher":"https:\/\/www.facebook.com\/theresales.nl","article_modified_time":"2025-03-13T12:29:10+00:00","og_image":[{"width":1200,"height":798,"url":"https:\/\/theresales.nl\/wp-content\/uploads\/2026\/04\/Nieuw-achtergrond.jpg","type":"image\/jpeg"}],"twitter_card":"summary_large_image","twitter_misc":{"Gesch\u00e4tzte Lesezeit":"2\u00a0Minuten"},"schema":{"@context":"https:\/\/schema.org","@graph":[{"@type":"WebPage","@id":"https:\/\/theresales.nl\/veelgestelde-vragen\/","url":"https:\/\/theresales.nl\/veelgestelde-vragen\/","name":"H\u00e4ufig gestellte Fragen - TheReSales","isPartOf":{"@id":"https:\/\/theresales.nl\/#website"},"datePublished":"2022-02-06T11:45:26+00:00","dateModified":"2025-03-13T12:29:10+00:00","description":"H\u00e4ufig gestellte Fragen: Standort und \u00d6ffnungszeiten Ausstellung, Produktzustand, Lagerbestand, Retouren und Kauf","breadcrumb":{"@id":"https:\/\/theresales.nl\/veelgestelde-vragen\/#breadcrumb"},"inLanguage":"de","potentialAction":[{"@type":"ReadAction","target":["https:\/\/theresales.nl\/veelgestelde-vragen\/"]}]},{"@type":"BreadcrumbList","@id":"https:\/\/theresales.nl\/veelgestelde-vragen\/#breadcrumb","itemListElement":[{"@type":"ListItem","position":1,"name":"Home","item":"https:\/\/theresales.nl\/"},{"@type":"ListItem","position":2,"name":"Veelgestelde vragen"}]},{"@type":"WebSite","@id":"https:\/\/theresales.nl\/#website","url":"https:\/\/theresales.nl\/","name":"TheReSales","description":"Tweedehands Design Meubelen","publisher":{"@id":"https:\/\/theresales.nl\/#organization"},"potentialAction":[{"@type":"SearchAction","target":{"@type":"EntryPoint","urlTemplate":"https:\/\/theresales.nl\/?s={search_term_string}"},"query-input":{"@type":"PropertyValueSpecification","valueRequired":true,"valueName":"search_term_string"}}],"inLanguage":"de"},{"@type":"Organization","@id":"https:\/\/theresales.nl\/#organization","name":"TheReSales","url":"https:\/\/theresales.nl\/","logo":{"@type":"ImageObject","inLanguage":"de","@id":"https:\/\/theresales.nl\/#\/schema\/logo\/image\/","url":"https:\/\/theresales.nl\/wp-content\/uploads\/2026\/04\/Logo-TheReSales.png","contentUrl":"https:\/\/theresales.nl\/wp-content\/uploads\/2026\/04\/Logo-TheReSales.png","width":1200,"height":304,"caption":"TheReSales"},"image":{"@id":"https:\/\/theresales.nl\/#\/schema\/logo\/image\/"},"sameAs":["https:\/\/www.facebook.com\/theresales.nl","https:\/\/www.instagram.com\/_theresales_\/","https:\/\/nl.pinterest.com\/theresalesgroningen\/","https:\/\/www.linkedin.com\/company\/theresales\/"]}]}},"_links":{"self":[{"href":"https:\/\/theresales.nl\/de\/wp-json\/wp\/v2\/pages\/4156","targetHints":{"allow":["GET"]}}],"collection":[{"href":"https:\/\/theresales.nl\/de\/wp-json\/wp\/v2\/pages"}],"about":[{"href":"https:\/\/theresales.nl\/de\/wp-json\/wp\/v2\/types\/page"}],"author":[{"embeddable":true,"href":"https:\/\/theresales.nl\/de\/wp-json\/wp\/v2\/users\/4"}],"replies":[{"embeddable":true,"href":"https:\/\/theresales.nl\/de\/wp-json\/wp\/v2\/comments?post=4156"}],"version-history":[{"count":0,"href":"https:\/\/theresales.nl\/de\/wp-json\/wp\/v2\/pages\/4156\/revisions"}],"wp:attachment":[{"href":"https:\/\/theresales.nl\/de\/wp-json\/wp\/v2\/media?parent=4156"}],"curies":[{"name":"wp","href":"https:\/\/api.w.org\/{rel}","templated":true}]}}