{"id":1541,"date":"2016-08-04T13:32:08","date_gmt":"2016-08-04T13:32:08","guid":{"rendered":"http:\/\/impreza7.us-themes.com\/?page_id=1541"},"modified":"2026-04-24T11:25:25","modified_gmt":"2026-04-24T09:25:25","slug":"kontakt","status":"publish","type":"page","link":"https:\/\/theresales.nl\/de\/contact\/","title":{"rendered":"Kontakt"},"content":{"rendered":"<section class=\"l-section wpb_row height_auto\"><div class=\"l-section-h i-cf\"><div class=\"g-cols vc_row via_grid cols_2 laptops-cols_inherit tablets-cols_inherit mobiles-cols_1 valign_top type_default stacking_default\" style=\"--columns-gap:58px;\"><div class=\"wpb_column vc_column_container\"><div class=\"vc_column-inner\"><div class=\"w-separator size_large\"><\/div><div class=\"wpb_text_column\"><div class=\"wpb_wrapper\"><\/p>\n<h4><strong>Socials<\/strong><\/h4>\n<p>\n<\/div><\/div><div class=\"w-separator size_small\"><\/div><div class=\"w-socials us_custom_c96a8a09 color_text shape_rounded style_outlined hover_fade\" style=\"--gap:0.1em;\"><div class=\"w-socials-list\"><div class=\"w-socials-item facebook\"><a target=\"_blank\" rel=\"nofollow\" href=\"https:\/\/www.facebook.com\/theresales.nl\" class=\"w-socials-item-link\" aria-label=\"Facebook\"><span class=\"w-socials-item-link-hover\"><\/span><i class=\"fab fa-facebook\"><\/i><\/a><div class=\"w-socials-item-popup\"><span>Facebook<\/span><\/div><\/div><div class=\"w-socials-item instagram\"><a target=\"_blank\" rel=\"nofollow\" href=\"https:\/\/www.instagram.com\/_theresales_\/\" class=\"w-socials-item-link\" aria-label=\"Instagram\"><span class=\"w-socials-item-link-hover\"><\/span><i class=\"fab fa-instagram\"><\/i><\/a><div class=\"w-socials-item-popup\"><span>Instagram<\/span><\/div><\/div><div class=\"w-socials-item pinterest\"><a target=\"_blank\" rel=\"nofollow\" href=\"https:\/\/nl.pinterest.com\/theresalesgroningen\/\" class=\"w-socials-item-link\" aria-label=\"Pinterest\"><span class=\"w-socials-item-link-hover\"><\/span><i class=\"fab fa-pinterest\"><\/i><\/a><div class=\"w-socials-item-popup\"><span>Pinterest<\/span><\/div><\/div><div class=\"w-socials-item linkedin\"><a target=\"_blank\" rel=\"nofollow\" href=\"https:\/\/www.linkedin.com\/company\/theresales\/\" class=\"w-socials-item-link\" aria-label=\"LinkedIn\"><span class=\"w-socials-item-link-hover\"><\/span><i class=\"fab fa-linkedin\"><\/i><\/a><div class=\"w-socials-item-popup\"><span>LinkedIn<\/span><\/div><\/div><div class=\"w-socials-item tripadvisor\"><a target=\"_blank\" href=\"https:\/\/www.tripadvisor.nl\/Attraction_Review-g188572-d26394862-Reviews-TheReSales-Groningen.html\" class=\"w-socials-item-link\" aria-label=\"Tripadvisor\"><span class=\"w-socials-item-link-hover\"><\/span><i class=\"fas fa-plane\"><\/i><\/a><div class=\"w-socials-item-popup\"><span>Tripadvisor<\/span><\/div><\/div><\/div><\/div><div class=\"w-separator size_medium\"><\/div><div class=\"wpb_text_column\"><div class=\"wpb_wrapper\"><\/p>\n<h4><strong>Contactgegevens<\/strong><\/h4>\n<p>\n<\/div><\/div><div class=\"w-separator size_small\"><\/div><div class=\"w-iconbox iconpos_left style_circle color_primary align_left no_text\"><a href=\"mailto:info@theresales.nl\" class=\"w-iconbox-link\" aria-label=\"info@theresales.nl\"><div class=\"w-iconbox-icon\" style=\"font-size:22px;\"><i class=\"far fa-envelope\"><\/i><\/div><\/a><div class=\"w-iconbox-meta\"><h4 class=\"w-iconbox-title\"><a href=\"mailto:info@theresales.nl\" class=\"w-iconbox-link\" aria-label=\"info@theresales.nl\">info@theresales.nl<\/a><\/h4><\/div><\/div><div class=\"w-separator size_small\"><\/div><div class=\"w-iconbox iconpos_left style_circle color_primary align_left no_text\"><div class=\"w-iconbox-icon\" style=\"font-size:22px;\"><i class=\"far fa-phone\"><\/i><\/div><div class=\"w-iconbox-meta\"><h4 class=\"w-iconbox-title\">+31 (0)6 31908242<\/h4><\/div><\/div><div class=\"w-separator size_small\"><\/div><div class=\"w-iconbox iconpos_left style_circle color_primary align_left no_text\"><div class=\"w-iconbox-icon\" style=\"font-size:22px;\"><i class=\"far fa-map-marker-alt\"><\/i><\/div><div class=\"w-iconbox-meta\"><h4 class=\"w-iconbox-title\">Koningsweg 1D, 9731 AM Groningen<\/h4><\/div><\/div><div class=\"w-separator size_large\"><\/div><\/div><\/div><div class=\"wpb_column vc_column_container\"><div class=\"vc_column-inner\"><div class=\"w-separator size_large\"><\/div><div class=\"wpb_text_column\"><div class=\"wpb_wrapper\"><\/p>\n<h4><strong>Neem contact op met ons<\/strong><\/h4>\n<p>Wil je meer informatie, heb je een specifieke vraag of wil je buiten de reguliere openingstijden onze showroom <a href=\"https:\/\/theresales.nl\/plan-je-bezoek\/\" target=\"_blank\" rel=\"noopener\">bezoeken<\/a>? Laat het ons weten!<\/p>\n<p>\n<\/div><\/div><div class=\"w-separator size_small\"><\/div><form class=\"w-form  us-field-style_1 layout_ver show_message_after_sending for_cform us_form_1\" action=\"https:\/\/theresales.nl\/de\/de\/wp-json\/wp\/v2\/pages\/1541\" method=\"post\"><div class=\"w-form-h\"><div class=\"w-form-row for_text required with_icon\">\r\n\t\t<div class=\"w-form-row-field\">\r\n\t\t\t\t<i class=\"far fa-user\"><\/i>\t\t<input aria-label=\"Voor- en achternaam\" type=\"text\" name=\"us_form_1_text_1\" value placeholder=\"Voor- en achternaam *\" data-required=\"true\" aria-required=\"true\"\/>\r\n\t\t\t<\/div>\r\n\t\t<div class=\"w-form-row-state\">Bitte f\u00fcllen Sie dieses Feld aus.<\/div>\r\n<\/div>\r\n<div class=\"w-form-row for_text with_icon\">\r\n\t\t<div class=\"w-form-row-field\">\r\n\t\t\t\t<i class=\"fal fa-building\"><\/i>\t\t<input aria-label=\"Bedrijfsnaam (optioneel)\" type=\"text\" name=\"us_form_1_text_2\" value placeholder=\"Bedrijfsnaam (optioneel)\"\/>\r\n\t\t\t<\/div>\r\n\t\t<div class=\"w-form-row-state\">Bitte f\u00fcllen Sie dieses Feld aus.<\/div>\r\n<\/div>\r\n<div class=\"w-form-row for_email required with_icon\">\r\n\t\t<div class=\"w-form-row-field\">\r\n\t\t\t\t<i class=\"far fa-envelope\"><\/i>\t\t<input aria-label=\"Email\" type=\"email\" name=\"us_form_1_email_1\" value placeholder=\"Email *\" data-required=\"true\" aria-required=\"true\"\/>\r\n\t\t\t<\/div>\r\n\t\t<div class=\"w-form-row-state\">Bitte gib eine g\u00fcltige E-Mail-Adresse ein.<\/div>\r\n<\/div>\r\n<div class=\"w-form-row for_text required with_icon\">\r\n\t\t<div class=\"w-form-row-field\">\r\n\t\t\t\t<i class=\"far fa-phone\"><\/i>\t\t<input aria-label=\"Telefoonnummer\" inputmode=\"tel\" type=\"text\" name=\"us_form_1_text_3\" value placeholder=\"Telefoonnummer *\" data-required=\"true\" aria-required=\"true\"\/>\r\n\t\t\t<\/div>\r\n\t\t<div class=\"w-form-row-state\">Bitte f\u00fcllen Sie dieses Feld aus.<\/div>\r\n<\/div>\r\n<div class=\"w-form-row for_text required with_icon\">\r\n\t\t<div class=\"w-form-row-field\">\r\n\t\t\t\t<i class=\"fas fa-question\"><\/i>\t\t<input aria-label=\"Onderwerp: productnaam, collectie, verzending, openingstijden etc.\" type=\"text\" name=\"us_form_1_text_4\" value placeholder=\"Onderwerp: productnaam, collectie, verzending, openingstijden etc. *\" data-required=\"true\" aria-required=\"true\"\/>\r\n\t\t\t<\/div>\r\n\t\t<div class=\"w-form-row-state\">Bitte f\u00fcllen Sie dieses Feld aus.<\/div>\r\n<\/div>\r\n<div class=\"w-form-row for_textarea required with_icon\">\r\n\t\t<div class=\"w-form-row-field\">\r\n\t\t\t\t<i class=\"far fa-pencil\"><\/i>\t\t<textarea aria-label=\"Bericht\" name=\"us_form_1_textarea_1\" placeholder=\"Bericht *\" data-required=\"true\" aria-required=\"true\"><\/textarea>\r\n\t\t\t<\/div>\r\n\t\t<div class=\"w-form-row-state\">Bitte f\u00fcllen Sie dieses Feld aus.<\/div>\r\n<\/div>\r\n<div class=\"w-form-row for_captcha has_label required with_icon\">\r\n\t<div class=\"w-form-row-label\">\r\n\t\t<span>Bewijs dat je geen robot bent: <span>29 + 2 = ?<\/span><\/span>\r\n\t<\/div>\r\n\t<div class=\"w-form-row-field\">\r\n\t\t\t\t<input type=\"hidden\" name=\"us_form_1_captcha_1_hash\" value=\"e15c97b04ab6ce38825406a77233f4c3\" \/>\r\n\t\t<i class=\"far fa-question-circle\"><\/i>\t\t<input aria-label=\"Bewijs dat je geen robot bent:\" type=\"text\" name=\"us_form_1_captcha_1\" placeholder data-required=\"true\" aria-required=\"true\"\/>\r\n\t\t\t<\/div>\r\n\t\t<div class=\"w-form-row-state\">Bitte geben Sie das Ergebnis ein, um fortzufahren<\/div>\r\n<\/div>\r\n<input type=\"hidden\" name=\"action\" value=\"us_ajax_cform\" \/>\r\n<input type=\"hidden\" name=\"post_id\" value=\"0\" \/>\r\n<input type=\"hidden\" name=\"form_index\" value=\"1\" \/>\r\n<div class=\"w-form-row for_submit align_none\"><button class=\"w-btn us-btn-style_1\" type=\"submit\" aria-label=\"Absenden\"><span class=\"g-preloader type_1\"><\/span><span class=\"w-btn-label\">Absenden<\/span><\/button><\/div><\/div><div class=\"w-form-message\"><\/div><div class=\"w-form-json hidden\" onclick='return {&quot;ajaxurl&quot;:&quot;https:\\\/\\\/theresales.nl\\\/wp-admin\\\/admin-ajax.php&quot;,&quot;messages&quot;:{&quot;err_empty&quot;:&quot;Bitte f\\u00fcllen Sie dieses Feld aus.&quot;,&quot;err_size&quot;:&quot;Die Dateigr\\u00f6\\u00dfe darf %s MB nicht \\u00fcberschreiten&quot;,&quot;err_extension&quot;:&quot;Dateityp %s ist nicht zul\\u00e4ssig&quot;,&quot;err_recaptcha_keys&quot;:&quot;reCAPTCHA-Schl\\u00fcssel sind fehlerhaft&quot;}}'><\/div><\/form><\/div><\/div><\/div><\/div><\/section><section class=\"l-section wpb_row height_auto width_full\"><div class=\"l-section-h i-cf\"><div class=\"g-cols vc_row via_grid cols_1 laptops-cols_inherit tablets-cols_inherit mobiles-cols_1 valign_top type_default stacking_default\"><div class=\"wpb_column vc_column_container\"><div class=\"vc_column-inner\"><div class=\"w-separator size_large\"><\/div><div class=\"w-map provider_osm us_custom_8bc5602f confirm_load\" id=\"us_map_1\" data-cookie-name=\"osm_load_confirmed\"><script type=\"text\/template\">PGRpdiBjbGFzcz0idy1tYXAtaW5uZXIiPjxkaXYgY2xhc3M9InctbWFwLWpzb24iIG9uY2xpY2s9J3JldHVybiB7JnF1b3Q7YWRkcmVzcyZxdW90OzomcXVvdDtLb25pbmdzd2VnIDFELCA5NzMxIEFNIEdyb25pbmdlbiwgTmVkZXJsYW5kJnF1b3Q7LCZxdW90O2Rpc2FibGVEcmFnZ2luZyZxdW90OzowLCZxdW90O2Rpc2FibGVab29tJnF1b3Q7OjAsJnF1b3Q7aGlkZUNvbnRyb2xzJnF1b3Q7OjAsJnF1b3Q7em9vbSZxdW90OzoxNCwmcXVvdDttYXJrZXJzJnF1b3Q7Olt7JnF1b3Q7YWRkcmVzcyZxdW90OzomcXVvdDtLb25pbmdzd2VnIDFELCA5NzMxIEFNIEdyb25pbmdlbiwgTmVkZXJsYW5kJnF1b3Q7LCZxdW90O2h0bWwmcXVvdDs6JnF1b3Q7S29uaW5nc3dlZyAxRCwgOTczMSBBTSBHcm9uaW5nZW4sIE5lZGVybGFuZCAmcXVvdDssJnF1b3Q7aW5mb3dpbmRvdyZxdW90OzowfV0sJnF1b3Q7c3R5bGUmcXVvdDs6JnF1b3Q7aHR0cHM6XC9cL3tzfS50aWxlLm9wZW5zdHJlZXRtYXAub3JnXC97en1cL3t4fVwve3l9LnBuZyZxdW90O30nPjwvZGl2PjwvZGl2Pg==<\/script><div class=\"w-map-privacy\"><p>Durch das Laden dieser Karte stimmen Sie der Datenschutzrichtlinie von <a href=\"https:\/\/wiki.osmfoundation.org\/wiki\/Privacy_Policy\" target=\"_blank\" rel=\"nofollow noreferrer\">OpenStreetMap Foundation<\/a> zu.<\/p><p><label><input type=\"checkbox\" name=\"osm_load_confirmed[us_map_1]\" value=\"0\"><span>Lade solche Karten immer auf dieser Seite<\/span><\/label><\/p><p><button class=\"w-btn action_confirm_load us-btn-style_1\" type=\"button\"><span class=\"w-btn-label\">Karte laden<\/span><\/button><\/p><\/div><\/div><\/div><\/div><\/div><\/div><\/section>\n","protected":false},"excerpt":{"rendered":"Socials FacebookInstagramPinterestLinkedInTripadvisorContactgegevens info@theresales.nl+31 (0)6 31908242Koningsweg 1D, 9731 AM GroningenNeem contact op met ons Wil je meer informatie, heb je een specifieke vraag of wil je buiten de reguliere openingstijden onze showroom bezoeken? Laat het ons weten! Bitte f\u00fcllen Sie dieses Feld aus. Bitte f\u00fcllen Sie dieses Feld aus. Bitte gib eine g\u00fcltige E-Mail-Adresse ein. Bitte...","protected":false},"author":1,"featured_media":0,"parent":0,"menu_order":0,"comment_status":"closed","ping_status":"closed","template":"","meta":{"_acf_changed":false,"footnotes":""},"class_list":["post-1541","page","type-page","status-publish","hentry"],"acf":[],"yoast_head":"<!-- This site is optimized with the Yoast SEO plugin v27.5 - https:\/\/yoast.com\/product\/yoast-seo-wordpress\/ -->\n<title>Contact - TheReSales<\/title>\n<meta name=\"description\" content=\"Wil je meer informatie of heb je een specifieke vraag of wil je ons buiten de reguliere openingstijden bezoeken? Neem contact op met ons!\" \/>\n<meta name=\"robots\" content=\"index, follow, max-snippet:-1, max-image-preview:large, max-video-preview:-1\" \/>\n<link rel=\"canonical\" href=\"https:\/\/theresales.nl\/de\/kontakt\/\" \/>\n<meta property=\"og:locale\" content=\"de_DE\" \/>\n<meta property=\"og:type\" content=\"article\" \/>\n<meta property=\"og:title\" content=\"Contact - TheReSales\" \/>\n<meta property=\"og:description\" content=\"Wil je meer informatie of heb je een specifieke vraag of wil je ons buiten de reguliere openingstijden bezoeken? Neem contact op met ons!\" \/>\n<meta property=\"og:url\" content=\"https:\/\/theresales.nl\/de\/kontakt\/\" \/>\n<meta property=\"og:site_name\" content=\"TheReSales\" \/>\n<meta property=\"article:publisher\" content=\"https:\/\/www.facebook.com\/theresales.nl\" \/>\n<meta property=\"article:modified_time\" content=\"2026-04-24T09:25:25+00:00\" \/>\n<meta property=\"og:image\" content=\"https:\/\/theresales.nl\/wp-content\/uploads\/2026\/04\/Nieuw-achtergrond.jpg\" \/>\n\t<meta property=\"og:image:width\" content=\"1200\" \/>\n\t<meta property=\"og:image:height\" content=\"798\" \/>\n\t<meta property=\"og:image:type\" content=\"image\/jpeg\" \/>\n<meta name=\"twitter:card\" content=\"summary_large_image\" \/>\n<meta name=\"twitter:label1\" content=\"Gesch\u00e4tzte Lesezeit\" \/>\n\t<meta name=\"twitter:data1\" content=\"1\u00a0Minute\" \/>\n<!-- \/ Yoast SEO plugin. -->","yoast_head_json":{"title":"Kontakt - TheReSales","description":"M\u00f6chten Sie mehr Informationen oder haben Sie eine spezielle Frage oder m\u00f6chten Sie uns au\u00dferhalb der regul\u00e4ren \u00d6ffnungszeiten besuchen? Kontaktieren Sie uns!","robots":{"index":"index","follow":"follow","max-snippet":"max-snippet:-1","max-image-preview":"max-image-preview:large","max-video-preview":"max-video-preview:-1"},"canonical":"https:\/\/theresales.nl\/de\/kontakt\/","og_locale":"de_DE","og_type":"article","og_title":"Contact - TheReSales","og_description":"Wil je meer informatie of heb je een specifieke vraag of wil je ons buiten de reguliere openingstijden bezoeken? Neem contact op met ons!","og_url":"https:\/\/theresales.nl\/de\/kontakt\/","og_site_name":"TheReSales","article_publisher":"https:\/\/www.facebook.com\/theresales.nl","article_modified_time":"2026-04-24T09:25:25+00:00","og_image":[{"width":1200,"height":798,"url":"https:\/\/theresales.nl\/wp-content\/uploads\/2026\/04\/Nieuw-achtergrond.jpg","type":"image\/jpeg"}],"twitter_card":"summary_large_image","twitter_misc":{"Gesch\u00e4tzte Lesezeit":"1\u00a0Minute"},"schema":{"@context":"https:\/\/schema.org","@graph":[{"@type":"WebPage","@id":"https:\/\/theresales.nl\/contact\/","url":"https:\/\/theresales.nl\/contact\/","name":"Kontakt - TheReSales","isPartOf":{"@id":"https:\/\/theresales.nl\/#website"},"datePublished":"2016-08-04T13:32:08+00:00","dateModified":"2026-04-24T09:25:25+00:00","description":"M\u00f6chten Sie mehr Informationen oder haben Sie eine spezielle Frage oder m\u00f6chten Sie uns au\u00dferhalb der regul\u00e4ren \u00d6ffnungszeiten besuchen? Kontaktieren Sie uns!","breadcrumb":{"@id":"https:\/\/theresales.nl\/contact\/#breadcrumb"},"inLanguage":"de","potentialAction":[{"@type":"ReadAction","target":["https:\/\/theresales.nl\/contact\/"]}]},{"@type":"BreadcrumbList","@id":"https:\/\/theresales.nl\/contact\/#breadcrumb","itemListElement":[{"@type":"ListItem","position":1,"name":"Home","item":"https:\/\/theresales.nl\/"},{"@type":"ListItem","position":2,"name":"Contact"}]},{"@type":"WebSite","@id":"https:\/\/theresales.nl\/#website","url":"https:\/\/theresales.nl\/","name":"TheReSales","description":"Tweedehands Design Meubelen","publisher":{"@id":"https:\/\/theresales.nl\/#organization"},"potentialAction":[{"@type":"SearchAction","target":{"@type":"EntryPoint","urlTemplate":"https:\/\/theresales.nl\/?s={search_term_string}"},"query-input":{"@type":"PropertyValueSpecification","valueRequired":true,"valueName":"search_term_string"}}],"inLanguage":"de"},{"@type":"Organization","@id":"https:\/\/theresales.nl\/#organization","name":"TheReSales","url":"https:\/\/theresales.nl\/","logo":{"@type":"ImageObject","inLanguage":"de","@id":"https:\/\/theresales.nl\/#\/schema\/logo\/image\/","url":"https:\/\/theresales.nl\/wp-content\/uploads\/2026\/04\/Logo-TheReSales.png","contentUrl":"https:\/\/theresales.nl\/wp-content\/uploads\/2026\/04\/Logo-TheReSales.png","width":1200,"height":304,"caption":"TheReSales"},"image":{"@id":"https:\/\/theresales.nl\/#\/schema\/logo\/image\/"},"sameAs":["https:\/\/www.facebook.com\/theresales.nl","https:\/\/www.instagram.com\/_theresales_\/","https:\/\/nl.pinterest.com\/theresalesgroningen\/","https:\/\/www.linkedin.com\/company\/theresales\/"]}]}},"_links":{"self":[{"href":"https:\/\/theresales.nl\/de\/wp-json\/wp\/v2\/pages\/1541","targetHints":{"allow":["GET"]}}],"collection":[{"href":"https:\/\/theresales.nl\/de\/wp-json\/wp\/v2\/pages"}],"about":[{"href":"https:\/\/theresales.nl\/de\/wp-json\/wp\/v2\/types\/page"}],"author":[{"embeddable":true,"href":"https:\/\/theresales.nl\/de\/wp-json\/wp\/v2\/users\/1"}],"replies":[{"embeddable":true,"href":"https:\/\/theresales.nl\/de\/wp-json\/wp\/v2\/comments?post=1541"}],"version-history":[{"count":0,"href":"https:\/\/theresales.nl\/de\/wp-json\/wp\/v2\/pages\/1541\/revisions"}],"wp:attachment":[{"href":"https:\/\/theresales.nl\/de\/wp-json\/wp\/v2\/media?parent=1541"}],"curies":[{"name":"wp","href":"https:\/\/api.w.org\/{rel}","templated":true}]}}