{"id":12016,"date":"2022-09-19T10:52:22","date_gmt":"2022-09-19T08:52:22","guid":{"rendered":"https:\/\/theresales.nl\/?page_id=12016"},"modified":"2024-04-12T12:46:09","modified_gmt":"2024-04-12T10:46:09","slug":"bezahlen","status":"publish","type":"page","link":"https:\/\/theresales.nl\/de\/betalen\/","title":{"rendered":"Bezahlen"},"content":{"rendered":"<section class=\"l-section wpb_row height_medium\"><div class=\"l-section-h i-cf\"><div class=\"g-cols vc_row via_grid cols_1 laptops-cols_inherit tablets-cols_inherit mobiles-cols_1 valign_top type_default stacking_default\"><div class=\"wpb_column vc_column_container\"><div class=\"vc_column-inner\"><nav class=\"g-breadcrumbs separator_icon align_none\" itemscope itemtype=\"http:\/\/schema.org\/BreadcrumbList\"><div class=\"g-breadcrumbs-item\" itemscope itemprop=\"itemListElement\" itemtype=\"http:\/\/schema.org\/ListItem\"><a itemprop=\"item\" href=\"https:\/\/theresales.nl\/de\/\"><span itemprop=\"name\">Anfang<\/span><\/a><meta itemprop=\"position\" content=\"1\"\/><\/div><div class=\"g-breadcrumbs-separator\"><i class=\"far fa-angle-right\"><\/i><\/div><div class=\"g-breadcrumbs-item\">Seiten<\/div><\/nav><div class=\"w-separator size_medium\"><\/div><div class=\"wpb_text_column\"><div class=\"wpb_wrapper\"><\/p>\n<h2>Bezahlen<\/h2>\n<p>\n<\/div><\/div><\/div><\/div><\/div><\/div><\/section><section class=\"l-section wpb_row height_medium\"><div class=\"l-section-h i-cf\"><div class=\"g-cols vc_row via_grid cols_custom laptops-cols_inherit tablets-cols_inherit mobiles-cols_1 valign_top type_default stacking_default\" style=\"--custom-columns:4fr 0.5fr 1.5fr \"><div class=\"wpb_column vc_column_container\"><div class=\"vc_column-inner\"><div class=\"w-tabs style_default switch_click accordion has_scrolling remove_indents\" style=\"--sections-title-size:1.5rem\"><div class=\"w-tabs-sections titles-align_none icon_chevron cpos_right\"><div class=\"w-tabs-section\" id=\"1566218453853-11582232-fe8d\" itemscope itemprop=\"mainEntity\" itemtype=\"https:\/\/schema.org\/Question\"><button class=\"w-tabs-section-header\" aria-controls=\"content-1566218453853-11582232-fe8d\" aria-expanded=\"false\"><div class=\"w-tabs-section-title\" itemprop=\"name\">Wie kann in Ihrem Gesch\u00e4ft bezahlt werden?<\/div><div class=\"w-tabs-section-control\"><\/div><\/button><div  class=\"w-tabs-section-content\" id=\"content-1566218453853-11582232-fe8d\" itemscope itemprop=\"acceptedAnswer\" itemtype=\"https:\/\/schema.org\/Answer\"><div class=\"w-tabs-section-content-h i-cf\" itemprop=\"text\"><div class=\"wpb_text_column\"><div class=\"wpb_wrapper\"><p>Wir finden es wichtig, dass unsere Kunden schnell, sicher und einfach bezahlen k\u00f6nnen. In unserem Gesch\u00e4ft akzeptieren wir die folgenden Zahlungsmethoden:<\/p>\n<ul>\n<li>Inhalt Geld<\/li>\n<li>Bankkarte<\/li>\n<\/ul>\n<p>Momentan ist es (noch) nicht m\u00f6glich, mit Kreditkarte zu bezahlen.<\/p>\n<\/div><\/div><\/div><\/div><\/div><div class=\"w-tabs-section\" id=\"1566219987763-973f9b42-767d\" itemscope itemprop=\"mainEntity\" itemtype=\"https:\/\/schema.org\/Question\"><button class=\"w-tabs-section-header\" aria-controls=\"content-1566219987763-973f9b42-767d\" aria-expanded=\"false\"><div class=\"w-tabs-section-title\" itemprop=\"name\">Ist es m\u00f6glich online zu bestellen?<\/div><div class=\"w-tabs-section-control\"><\/div><\/button><div  class=\"w-tabs-section-content\" id=\"content-1566219987763-973f9b42-767d\" itemscope itemprop=\"acceptedAnswer\" itemtype=\"https:\/\/schema.org\/Answer\"><div class=\"w-tabs-section-content-h i-cf\" itemprop=\"text\"><div class=\"wpb_text_column\"><div class=\"wpb_wrapper\"><\/p>\n<h4>Webseite, Facebook &amp; Instagram<\/h4>\n<p>Es ist nicht m\u00f6glich, \u00fcber unsere Website und Social Media direkt eine Bestellung aufzugeben. Wir bitten Sie, uns zuerst telefonisch oder per E-Mail zu kontaktieren, um den aktuellen Lagerbestand zu erfahren.<\/p>\n<h4>Marktplatz<\/h4>\n<p>Wir sind nicht verbunden mit dem Online-Zahlungsplattform Zahlungsaufforderungen von <a href=\"https:\/\/www.marktplaats.nl\/u\/theresales\/20543227\/\" target=\"_blank\" rel=\"noopener\">Marktplatz<\/a>. Es ist nicht m\u00f6glich, eine Bestellung aufzugeben. Bei ernsthaftem Interesse k\u00f6nnen Sie jedoch reservieren. Daher m\u00f6chten wir Sie bitten, sich zuerst mit uns in Verbindung zu setzen.<\/p>\n<p>\n<\/div><\/div><\/div><\/div><\/div><div class=\"w-tabs-section\" id=\"sb3d\" itemscope itemprop=\"mainEntity\" itemtype=\"https:\/\/schema.org\/Question\"><button class=\"w-tabs-section-header\" aria-controls=\"content-sb3d\" aria-expanded=\"false\"><div class=\"w-tabs-section-title\" itemprop=\"name\">Was passiert nach der Bestellung?<\/div><div class=\"w-tabs-section-control\"><\/div><\/button><div  class=\"w-tabs-section-content\" id=\"content-sb3d\" itemscope itemprop=\"acceptedAnswer\" itemtype=\"https:\/\/schema.org\/Answer\"><div class=\"w-tabs-section-content-h i-cf\" itemprop=\"text\"><div class=\"wpb_text_column\"><div class=\"wpb_wrapper\"><p>Nach jeder telefonischen oder digitalen Bestellung wird eine Rechnung per E-Mail versendet. Sobald die Zahlung bei uns eingegangen ist, k\u00f6nnen Ihre gekauften Artikel nach Absprache versendet oder abgeholt werden.<\/p>\n<\/div><\/div><\/div><\/div><\/div><div class=\"w-tabs-section\" id=\"1566220069277-6041333f-a677\" itemscope itemprop=\"mainEntity\" itemtype=\"https:\/\/schema.org\/Question\"><button class=\"w-tabs-section-header\" aria-controls=\"content-1566220069277-6041333f-a677\" aria-expanded=\"false\"><div class=\"w-tabs-section-title\" itemprop=\"name\">Wie sieht es mit der Reservierung aus?<\/div><div class=\"w-tabs-section-control\"><\/div><\/button><div  class=\"w-tabs-section-content\" id=\"content-1566220069277-6041333f-a677\" itemscope itemprop=\"acceptedAnswer\" itemtype=\"https:\/\/schema.org\/Answer\"><div class=\"w-tabs-section-content-h i-cf\" itemprop=\"text\"><div class=\"wpb_text_column\"><div class=\"wpb_wrapper\"><p>Solltest du M\u00f6bel, eine Lampe oder einen Wohnaccessoire auf unserer Webseite, in den sozialen Medien und auf Marktplaats (Marktplatz) gesehen haben und die Absicht haben, es zu kaufen, dann bitten wir dich <a href=\"https:\/\/theresales.nl\/de\/kontakt\/\" target=\"_blank\" rel=\"noopener\">Kontakt<\/a> aufzunehmen f\u00fcr den aktuellen Vorrat. Bei ernstem Interesse behalten wir deinen\/deine Artikel f\u00fcr eine begrenzte Zeit zur\u00fcck.<\/p>\n<\/div><\/div><\/div><\/div><\/div><\/div><\/div><\/div><\/div><div class=\"wpb_column vc_column_container\"><div class=\"vc_column-inner\"><\/div><\/div><div class=\"wpb_column vc_column_container\"><div class=\"vc_column-inner\"><nav class=\"w-menu us_custom_343a6660 layout_ver style_links us_menu_1\" style=\"--main-gap:1.5rem;--main-ver-indent:0.8em;--main-hor-indent:0.8em;--main-hover-color:#f00202;--main-active-color:#eb0000;\"><ul id=\"menu-sidebar-faq\" class=\"menu\"><li id=\"menu-item-12019\" class=\"menu-item menu-item-type-post_type menu-item-object-page menu-item-12019\"><a href=\"https:\/\/theresales.nl\/de\/betalen\/\">Bezahlen<\/a><\/li><li id=\"menu-item-4198\" class=\"menu-item menu-item-type-post_type menu-item-object-page menu-item-4198\"><a href=\"https:\/\/theresales.nl\/de\/bezorgen\/\">Liefern<\/a><\/li><li id=\"menu-item-4196\" class=\"menu-item menu-item-type-post_type menu-item-object-page menu-item-4196\"><a href=\"https:\/\/theresales.nl\/de\/veelgestelde-vragen\/\">H\u00e4ufig gestellte Fragen<\/a><\/li><\/ul><style>@media ( max-width:600px ){.us_menu_1 .menu{display:block!important}.us_menu_1 .menu>li:not(:last-child){margin:0 0 var(--main-gap,1.5rem)!important}}<\/style><\/nav><\/div><\/div><\/div><\/div><\/section>","protected":false},"excerpt":{"rendered":"StartSeitenBetalen Hoe kan er betaald worden in jullie winkel?We vinden het belangrijk dat onze klanten snel, veilig en makkelijk kunnen betalen. In onze winkel accepteren we de volgende betaalmethoden: contant geld bankpas Momenteel is het (nog) niet mogelijk om met creditcard te betalen. Is het mogelijk om online te bestellen?Website, Facebook &amp; Instagram Het is...","protected":false},"author":4,"featured_media":13343,"parent":0,"menu_order":0,"comment_status":"closed","ping_status":"closed","template":"","meta":{"_acf_changed":false,"footnotes":""},"class_list":["post-12016","page","type-page","status-publish","has-post-thumbnail","hentry"],"acf":[],"yoast_head":"<!-- This site is optimized with the Yoast SEO plugin v27.5 - https:\/\/yoast.com\/product\/yoast-seo-wordpress\/ -->\n<title>Betalen - TheReSales<\/title>\n<meta name=\"description\" content=\"We vinden het belangrijk dat onze klanten snel, veilig en makkelijk kunnen betalen. Wij accepteren contant geld, bankpas en credit card.\" \/>\n<meta name=\"robots\" content=\"index, follow, max-snippet:-1, max-image-preview:large, max-video-preview:-1\" \/>\n<link rel=\"canonical\" href=\"https:\/\/theresales.nl\/de\/bezahlen\/\" \/>\n<meta property=\"og:locale\" content=\"de_DE\" \/>\n<meta property=\"og:type\" content=\"article\" \/>\n<meta property=\"og:title\" content=\"Betalen - TheReSales\" \/>\n<meta property=\"og:description\" content=\"We vinden het belangrijk dat onze klanten snel, veilig en makkelijk kunnen betalen. Wij accepteren contant geld, bankpas en credit card.\" \/>\n<meta property=\"og:url\" content=\"https:\/\/theresales.nl\/de\/bezahlen\/\" \/>\n<meta property=\"og:site_name\" content=\"TheReSales\" \/>\n<meta property=\"article:publisher\" content=\"https:\/\/www.facebook.com\/theresales.nl\" \/>\n<meta property=\"article:modified_time\" content=\"2024-04-12T10:46:09+00:00\" \/>\n<meta property=\"og:image\" content=\"https:\/\/theresales.nl\/wp-content\/uploads\/2022\/10\/theresales.png\" \/>\n\t<meta property=\"og:image:width\" content=\"500\" \/>\n\t<meta property=\"og:image:height\" content=\"500\" \/>\n\t<meta property=\"og:image:type\" content=\"image\/png\" \/>\n<meta name=\"twitter:card\" content=\"summary_large_image\" \/>\n<meta name=\"twitter:label1\" content=\"Gesch\u00e4tzte Lesezeit\" \/>\n\t<meta name=\"twitter:data1\" content=\"2\u00a0Minuten\" \/>\n<!-- \/ Yoast SEO plugin. -->","yoast_head_json":{"title":"Bezahlen - TheReSales","description":"Wir finden es wichtig, dass unsere Kunden schnell, sicher und einfach bezahlen k\u00f6nnen. Wir akzeptieren Bargeld, Bankkarte und Kreditkarte.","robots":{"index":"index","follow":"follow","max-snippet":"max-snippet:-1","max-image-preview":"max-image-preview:large","max-video-preview":"max-video-preview:-1"},"canonical":"https:\/\/theresales.nl\/de\/bezahlen\/","og_locale":"de_DE","og_type":"article","og_title":"Betalen - TheReSales","og_description":"We vinden het belangrijk dat onze klanten snel, veilig en makkelijk kunnen betalen. Wij accepteren contant geld, bankpas en credit card.","og_url":"https:\/\/theresales.nl\/de\/bezahlen\/","og_site_name":"TheReSales","article_publisher":"https:\/\/www.facebook.com\/theresales.nl","article_modified_time":"2024-04-12T10:46:09+00:00","og_image":[{"width":500,"height":500,"url":"https:\/\/theresales.nl\/wp-content\/uploads\/2022\/10\/theresales.png","type":"image\/png"}],"twitter_card":"summary_large_image","twitter_misc":{"Gesch\u00e4tzte Lesezeit":"2\u00a0Minuten"},"schema":{"@context":"https:\/\/schema.org","@graph":[{"@type":"WebPage","@id":"https:\/\/theresales.nl\/betalen\/","url":"https:\/\/theresales.nl\/betalen\/","name":"Bezahlen - TheReSales","isPartOf":{"@id":"https:\/\/theresales.nl\/#website"},"primaryImageOfPage":{"@id":"https:\/\/theresales.nl\/betalen\/#primaryimage"},"image":{"@id":"https:\/\/theresales.nl\/betalen\/#primaryimage"},"thumbnailUrl":"https:\/\/theresales.nl\/wp-content\/uploads\/2022\/10\/theresales.png","datePublished":"2022-09-19T08:52:22+00:00","dateModified":"2024-04-12T10:46:09+00:00","description":"Wir finden es wichtig, dass unsere Kunden schnell, sicher und einfach bezahlen k\u00f6nnen. Wir akzeptieren Bargeld, Bankkarte und Kreditkarte.","breadcrumb":{"@id":"https:\/\/theresales.nl\/betalen\/#breadcrumb"},"inLanguage":"de","potentialAction":[{"@type":"ReadAction","target":["https:\/\/theresales.nl\/betalen\/"]}]},{"@type":"ImageObject","inLanguage":"de","@id":"https:\/\/theresales.nl\/betalen\/#primaryimage","url":"https:\/\/theresales.nl\/wp-content\/uploads\/2022\/10\/theresales.png","contentUrl":"https:\/\/theresales.nl\/wp-content\/uploads\/2022\/10\/theresales.png","width":500,"height":500,"caption":"Betalen-Bezorgen-Merken-TheReSales"},{"@type":"BreadcrumbList","@id":"https:\/\/theresales.nl\/betalen\/#breadcrumb","itemListElement":[{"@type":"ListItem","position":1,"name":"Home","item":"https:\/\/theresales.nl\/"},{"@type":"ListItem","position":2,"name":"Betalen"}]},{"@type":"WebSite","@id":"https:\/\/theresales.nl\/#website","url":"https:\/\/theresales.nl\/","name":"TheReSales","description":"Tweedehands Design Meubelen","publisher":{"@id":"https:\/\/theresales.nl\/#organization"},"potentialAction":[{"@type":"SearchAction","target":{"@type":"EntryPoint","urlTemplate":"https:\/\/theresales.nl\/?s={search_term_string}"},"query-input":{"@type":"PropertyValueSpecification","valueRequired":true,"valueName":"search_term_string"}}],"inLanguage":"de"},{"@type":"Organization","@id":"https:\/\/theresales.nl\/#organization","name":"TheReSales","url":"https:\/\/theresales.nl\/","logo":{"@type":"ImageObject","inLanguage":"de","@id":"https:\/\/theresales.nl\/#\/schema\/logo\/image\/","url":"https:\/\/theresales.nl\/wp-content\/uploads\/2026\/04\/Logo-TheReSales.png","contentUrl":"https:\/\/theresales.nl\/wp-content\/uploads\/2026\/04\/Logo-TheReSales.png","width":1200,"height":304,"caption":"TheReSales"},"image":{"@id":"https:\/\/theresales.nl\/#\/schema\/logo\/image\/"},"sameAs":["https:\/\/www.facebook.com\/theresales.nl","https:\/\/www.instagram.com\/_theresales_\/","https:\/\/nl.pinterest.com\/theresalesgroningen\/","https:\/\/www.linkedin.com\/company\/theresales\/"]}]}},"_links":{"self":[{"href":"https:\/\/theresales.nl\/de\/wp-json\/wp\/v2\/pages\/12016","targetHints":{"allow":["GET"]}}],"collection":[{"href":"https:\/\/theresales.nl\/de\/wp-json\/wp\/v2\/pages"}],"about":[{"href":"https:\/\/theresales.nl\/de\/wp-json\/wp\/v2\/types\/page"}],"author":[{"embeddable":true,"href":"https:\/\/theresales.nl\/de\/wp-json\/wp\/v2\/users\/4"}],"replies":[{"embeddable":true,"href":"https:\/\/theresales.nl\/de\/wp-json\/wp\/v2\/comments?post=12016"}],"version-history":[{"count":0,"href":"https:\/\/theresales.nl\/de\/wp-json\/wp\/v2\/pages\/12016\/revisions"}],"wp:featuredmedia":[{"embeddable":true,"href":"https:\/\/theresales.nl\/de\/wp-json\/wp\/v2\/media\/13343"}],"wp:attachment":[{"href":"https:\/\/theresales.nl\/de\/wp-json\/wp\/v2\/media?parent=12016"}],"curies":[{"name":"wp","href":"https:\/\/api.w.org\/{rel}","templated":true}]}}