{"id":11616,"date":"2022-09-15T13:48:43","date_gmt":"2022-09-15T11:48:43","guid":{"rendered":"https:\/\/theresales.nl\/?page_id=11616"},"modified":"2026-04-23T16:55:53","modified_gmt":"2026-04-23T14:55:53","slug":"privatsphare","status":"publish","type":"page","link":"https:\/\/theresales.nl\/de\/privacy\/","title":{"rendered":"Privatsph\u00e4re"},"content":{"rendered":"<section class=\"l-section wpb_row height_medium\"><div class=\"l-section-h i-cf\"><div class=\"g-cols vc_row via_grid cols_1 laptops-cols_inherit tablets-cols_inherit mobiles-cols_1 valign_top type_default stacking_default\"><div class=\"wpb_column vc_column_container\"><div class=\"vc_column-inner\"><div class=\"w-html\"><h1>Datenschutzerkl\u00e4rung<\/h1>\n\n<p>TheReSales V.O.F., ans\u00e4ssig in Koningsweg 1D, 9731 AM Groningen, ist f\u00fcr die Verarbeitung personenbezogener Daten verantwortlich, wie in dieser Datenschutzerkl\u00e4rung dargelegt.<\/p>\n\n<h2>Kontaktinformationen<\/h2>\n\n<p>\n<strong>TheReSales G.m.b.H.<\/strong><br>\nK\u00f6nigsstra\u00dfe 1D<br>\n9731 AM Groningen<br>\nNiederland\n<\/p>\n\n<p>\nWeb <a href=\"https:\/\/theresales.nl\/de\/\">https:\/\/theresales.nl<\/a><br>\nE-Mail <a href=\"mailto:info@theresales.nl\">info@theresales.nl<\/a><br>\nTelefon <a href=\"tel:+31631908242\">+31 6 31 90 82 42<\/a>\n<\/p>\n\n<p>\nKvK-Nummer: 68426518<br>\nBTW-Nummer: NL857435802B01\n<\/p>\n\n<p>T. Hoogland ist die Ansprechpartnerin f\u00fcr Datenschutzfragen bei TheReSales und ist erreichbar unter <a href=\"mailto:info@theresales.nl\">info@theresales.nl<\/a>.<\/p>\n\n<h2>Welche personenbezogenen Daten wir verarbeiten<\/h2>\n\n<p>TheReSales verarbeitet Ihre personenbezogenen Daten, indem Sie unsere Dienste nutzen und\/oder uns diese selbst zur Verf\u00fcgung stellen, beispielsweise \u00fcber das Kontaktformular, Angebotsformular, Einkaufsformular, telefonischen Kontakt oder bei einem Kauf oder Einkauf in unserem Gesch\u00e4ft.<\/p>\n\n<p>Nachfolgend finden Sie eine \u00dcbersicht \u00fcber die personenbezogenen Daten, die wir verarbeiten:<\/p>\n\n<ul>\n  <li>Vor- und Nachname<\/li>\n  <li>Adressdaten<\/li>\n  <li>Telefonnummer<\/li>\n  <li>E-Mail-Adresse<\/li>\n  <li>Firmenname und Handelskammernummer (falls zutreffend)<\/li>\n  <li>Informationen \u00fcber das Produkt, an dem Sie interessiert sind oder das Sie uns anbieten<\/li>\n  <li>Rechnungs- und Zahlungsdaten<\/li>\n  <li>Bei M\u00f6belk\u00e4ufen: Identifikationsdaten, die wir aufgrund des Steuergesetzes in unserem Einkaufsregister festhalten m\u00fcssen (wie Name, Adresse und eine Kopie oder Nummer eines g\u00fcltigen Ausweises)<\/li>\n  <li>Informationen \u00fcber Ihre Aktivit\u00e4ten auf unserer Website<\/li>\n  <li>Internetbrowser und Ger\u00e4tetyp<\/li>\n  <li>IP-Adresse und Standortinformationen im Wesentlichen<\/li>\n  <li>\u00dcberige Informationen, die Sie aktiv zur Verf\u00fcgung stellen, zum Beispiel in Korrespondenz<\/li>\n<\/ul>\n\n<h2>Besondere und\/oder sensible personenbezogene Daten, die wir verarbeiten<\/h2>\n\n<p>Unsere Webseite und Dienst beabsichtigen nicht, Daten \u00fcber Besucher zu sammeln, die j\u00fcnger als 16 Jahre sind, es sei denn, sie haben die Zustimmung ihrer Eltern oder Erziehungsberechtigten. Wir k\u00f6nnen jedoch nicht kontrollieren, ob ein Besucher \u00e4lter als 16 Jahre ist. Wir empfehlen Eltern daher, sich an den Online-Aktivit\u00e4ten ihrer Kinder zu beteiligen, um zu verhindern, dass Daten \u00fcber Kinder ohne elterliche Zustimmung gesammelt werden. Wenn Sie davon \u00fcberzeugt sind, dass wir ohne diese Zustimmung personenbezogene Daten \u00fcber Minderj\u00e4hrige gesammelt haben, kontaktieren Sie uns bitte \u00fcber <a href=\"mailto:info@theresales.nl\">info@theresales.nl<\/a>, dann entfernen wir diese Informationen.<\/p>\n\n<p>Beim Kauf von M\u00f6beln von Privatpersonen erfassen wir die Daten eines Ausweisdokuments. Dies ist eine gesetzliche Verpflichtung im Rahmen der Globalisierungsregelung (Margeregelung) f\u00fcr gebrauchte Waren. Diese Daten werden ausschlie\u00dflich zu diesem Zweck verwendet und nicht an Dritte weitergegeben, es sei denn, wir sind gesetzlich dazu verpflichtet (z. B. bei einer Pr\u00fcfung durch das Finanzamt).<\/p>\n\n<h2>Zu welchem Zweck und auf welcher Rechtsgrundlage wir personenbezogene Daten verarbeiten<\/h2>\n\n<p>TheReSales verarbeitet Ihre personenbezogenen Daten zu den folgenden Zwecken:<\/p>\n\n<ul>\n  <li>Die Abwicklung Ihres Kaufs, einschlie\u00dflich der Erstellung und des Versands von Rechnungen (Grundlage: Erf\u00fcllung des Vertrages)<\/li>\n  <li>Die Abwicklung eines Einkaufs Ihrer M\u00f6bel, einschlie\u00dflich der gesetzlich vorgeschriebenen Buchf\u00fchrung im Einkaufsregister (Grundlage: Erf\u00fcllung des Vertrages und gesetzliche Verpflichtung)<\/li>\n  <li>Die Abwicklung Ihrer Zahlung (Grundlage: Erf\u00fcllung des Vertrages)<\/li>\n  <li>Angebote unterbreiten und Anfragen \u00fcber das Kontaktformular, das Angebotsformular, E-Mail oder Telefon beantworten (Rechtsgrundlage: Erf\u00fcllung des Vertrags oder berechtigtes Interesse)<\/li>\n  <li>Versand von Waren und Information \u00fcber die Lieferung (Grundlage: Erf\u00fcllung des Vertrags)<\/li>\n  <li>Uns telefonisch oder per E-Mail zu kontaktieren, falls dies zur Erbringung unserer Dienstleistungen erforderlich ist (Grundlage: Erf\u00fcllung der Vereinbarung)<\/li>\n  <li>Ich werde Sie \u00fcber \u00c4nderungen unserer Dienste und Produkte informieren (Rechtsgrundlage: Berechtigtes Interesse)<\/li>\n  <li>Die Analyse Ihres Verhaltens auf der Website zur Verbesserung der Website und des Produktangebots (Grundlage: Zustimmung \u00fcber den Cookie-Banner)<\/li>\n  <li>Das Anzeigen von Werbung \u00fcber Google und Meta, die Ihren Interessen entspricht (Grundlage: Zustimmung \u00fcber Cookie-Banner)<\/li>\n  <li>Erf\u00fcllung gesetzlicher Verpflichtungen, wie unserer Buchf\u00fchrungs- und Steuerpflicht (Grundlage: gesetzliche Verpflichtung)<\/li>\n<\/ul>\n\n<h2>Automatisierte Entscheidungsfindung<\/h2>\n\n<p>TheReSales trifft keine Entscheidungen auf der Grundlage automatisierter Verarbeitungen \u00fcber Angelegenheiten, die (erhebliche) Auswirkungen auf Personen haben k\u00f6nnen. Hierbei handelt es sich um Entscheidungen, die von Computerprogrammen oder -systemen getroffen werden, ohne dass ein Mensch dazwischen geschaltet ist.<\/p>\n\n<h2>Wie lange wir personenbezogene Daten aufbewahren<\/h2>\n\n<p>TheReSales bewahrt Ihre pers\u00f6nlichen Daten nicht l\u00e4nger auf, als es f\u00fcr die Erreichung der Zwecke, f\u00fcr die Ihre Daten erhoben werden, unbedingt erforderlich ist. Wir wenden die folgenden Aufbewahrungsfristen an:<\/p>\n\n<ul>\n  <li><strong>Rechnungen, Bestell- und Zahlungsdaten<\/strong> 7 Jahre, aufgrund der steuerlichen Aufbewahrungspflicht<\/li>\n  <li><strong>Einkaufsverwaltung (Einkaufsregister) mit ID-Daten:<\/strong> 7 Jahre, auf Grundlage der steuerlichen Aufbewahrungspflicht nach der Globalisierungsregelung<\/li>\n  <li><strong>Kontaktformular, Angebotsanfragen und E-Mail-Korrespondenz:<\/strong> maximal 2 Jahre nach letztem Kontakt, es sei denn, daraus ergibt sich eine Vereinbarung (dann gilt die Frist f\u00fcr die steuerliche Aufbewahrung)<\/li>\n  <li><strong>Eingangsformular-Einreichungen ohne Nachverfolgung:<\/strong> maximal 12 Monate<\/li>\n  <li><strong>Personenbezogene Daten, die mit Garantie- und Serviceanfragen verkn\u00fcpft sind<\/strong> solange wie n\u00f6tig f\u00fcr das Erbringen von Garantie und Service<\/li>\n  <li><strong>Daten, die mittels Cookies gesammelt werden:<\/strong> sehen Sie das Kapitel \"Cookies\" unten<\/li>\n<\/ul>\n\n<h2>Teilen von personenbezogenen Daten mit Dritten<\/h2>\n\n<p>TheReSales verkauft Ihre Daten nicht an Dritte und gibt sie ausschlie\u00dflich weiter, wenn dies f\u00fcr die Erf\u00fcllung unserer Vereinbarung mit Ihnen erforderlich ist oder um einer gesetzlichen Verpflichtung nachzukommen. Mit Unternehmen, die Ihre Daten in unserem Auftrag verarbeiten, schlie\u00dfen wir eine Auftragsverarbeitungsvereinbarung ab, um ein gleiches Ma\u00df an Sicherheit und Vertraulichkeit Ihrer Daten zu gew\u00e4hrleisten.<\/p>\n\n<p>Wir nutzen unter anderem die folgenden Kategorien von Dritten:<\/p>\n\n<ul>\n  <li><strong>Website-Hosting<\/strong> Unsere Website l\u00e4uft auf WordPress\/WooCommerce und wird von WordPressor gehostet<\/li>\n  <li><strong>Zahlungsdienstleister<\/strong> Buckaroo verarbeitet Zahlungen \u00fcber iDEAL, pin, Kreditkarte, PayPal, Apple Pay, Google Pay, Bancontact, Wero und weitere verf\u00fcgbare Methoden<\/li>\n  <li><strong>Lieferdienste<\/strong> abh\u00e4ngig von der Sendung arbeiten wir mit PostNL, DHL, FedEx, DPD, Magic Movers und Libero zusammen oder liefern selbst<\/li>\n  <li><strong>Kassensystem<\/strong> Unser eigene entwickelte Kassensystem f\u00fcr Abwicklung im Laden<\/li>\n  <li><strong>Marketing-Analyse<\/strong> Google Analytics, Google Ads und Meta (Facebook\/Instagram) zur Messung und Optimierung unserer Website und Anzeigen, ausschlie\u00dflich nachdem Sie hierf\u00fcr Ihre Zustimmung \u00fcber unser Cookie-Banner erteilt haben<\/li>\n  <li><strong>Buchhalter und Steuerberater<\/strong> f\u00fcr die F\u00fchrung unserer Buchhaltung und Steuererkl\u00e4rungen<\/li>\n  <li><strong>Regierung und Aufsichtsbeh\u00f6rden<\/strong> wie die Steuerbeh\u00f6rde, wenn wir dazu gesetzlich verpflichtet sind<\/li>\n<\/ul>\n\n<h2>Weiterleitung au\u00dferhalb des Europ\u00e4ischen Wirtschaftsraums (EWR)<\/h2>\n\n<p>Unsere Kunden befinden sich haupts\u00e4chlich in den Niederlanden und der EU. In Ausnahmef\u00e4llen liefern wir an Kunden au\u00dferhalb des EWR. In diesem Fall werden die f\u00fcr die Lieferung notwendigen Daten (wie Name, Adresse und Telefonnummer) mit dem zust\u00e4ndigen Lieferdienst geteilt, um die Sendung abzuwickeln.<\/p>\n\n<p>Dar\u00fcber hinaus k\u00f6nnen einige unserer Verarbeiter (wie Google und Meta) Daten au\u00dferhalb des EWR verarbeiten. In diesen F\u00e4llen stellen wir sicher, dass die \u00dcbermittlung auf der Grundlage geeigneter Garantien erfolgt, wie z. B. der von der Europ\u00e4ischen Kommission genehmigten Standardvertragsklauseln oder eines Angemessenheitsbeschlusses.<\/p>\n\n<h2>Cookies, oder vergleichbare Techniken, die wir verwenden<\/h2>\n\n<p>TheReSales verwendet Cookies und \u00e4hnliche Technologien. Ein Cookie ist eine kleine Textdatei, die beim ersten Besuch unserer Website auf Ihrem Computer, Tablet oder Smartphone gespeichert wird. Wir verwenden die folgenden Arten von Cookies:<\/p>\n\n<ul>\n  <li><strong>Funktionale Cookies<\/strong> noodzakelijk voor de technische werking van de website en jouw gebruiksgemak. Denk aan het onthouden van de inhoud van je verlanglijst of je voorkeursinstellingen. Diese Cookies werden immer platziert.<\/li>\n  <li><strong>Analytische Cookies<\/strong> \u00dcber Google Analytics messen wir, wie Besucher unsere Website nutzen, damit, wir die Website verbessern k\u00f6nnen.<\/li>\n  <li><strong>Marketing- und Tracking-Cookies<\/strong> \u00dcber Meta (Facebook Pixel) und Google Ads zeigen wir personalisierte Anzeigen und messen die Wirkung unserer Kampagnen.<\/li>\n<\/ul>\n\n<p>Analytische und Marketing-Cookies werden erst nach Ihrer Zustimmung \u00fcber unser Cookie-Banner platziert. Sie k\u00f6nnen Ihre Zustimmung jederzeit \u00fcber die Cookie-Einstellungen auf unserer Website widerrufen oder anpassen.<\/p>\n\n<p>Dar\u00fcber hinaus k\u00f6nnen Sie sich von Cookies abmelden, indem Sie Ihren Internetbrowser so einstellen, dass er keine Cookies mehr speichert. Sie k\u00f6nnen auch alle zuvor gespeicherten Informationen \u00fcber die Einstellungen Ihres Browsers l\u00f6schen.<\/p>\n\n<h2>Soziale Medien<\/h2>\n\n<p>TheReSales ist auf verschiedenen Social-Media-Plattformen aktiv, darunter Instagram, Facebook, Pinterest, TikTok und LinkedIn. Wenn Sie uns \u00fcber diese Plattformen kontaktieren, k\u00f6nnen wir Ihre Nachricht und Ihren Benutzernamen verwenden, um zu antworten. Hinweis: F\u00fcr die Nutzung dieser Plattformen gelten die Datenschutzbestimmungen des jeweiligen Anbieters, auf die wir keinen Einfluss haben.<\/p>\n\n<h2>Bewertungen<\/h2>\n\n<p>Wir sammeln Kundenrezensionen \u00fcber Google. Wenn Sie eine Rezension hinterlassen, sind Ihr Benutzername und der Inhalt Ihrer Rezension f\u00fcr andere Internetnutzer sichtbar. F\u00fcr das Sammeln und Platzieren von Rezensionen \u00fcber Google gelten die Nutzungsbedingungen und die Datenschutzrichtlinie von Google.<\/p>\n\n<h2>Daten einsehen, anpassen oder l\u00f6schen<\/h2>\n\n<p>Sie haben das Recht, Ihre personenbezogenen Daten einzusehen, zu korrigieren oder zu l\u00f6schen. Dar\u00fcber hinaus haben Sie das Recht, Ihre eventuelle Zustimmung zur Datenverarbeitung zur\u00fcckzuziehen oder der Verarbeitung Ihrer personenbezogenen Daten durch TheReSaleszu widersprechen, und Sie haben das Recht auf Daten\u00fcbertragbarkeit. Das bedeutet, dass Sie bei uns einen Antrag stellen k\u00f6nnen, die personenbezogenen Daten, die wir von Ihnen haben, in einer Computerdatei an Sie oder eine von Ihnen benannte Organisation zu senden.<\/p>\n\n<p>Du kannst einen Antrag auf Auskunft, Berichtigung, L\u00f6schung, Daten\u00fcbertragung, Widerruf der Einwilligung oder Widerspruch gegen die Verarbeitung senden an <a href=\"mailto:info@theresales.nl\">info@theresales.nl<\/a>.<\/p>\n\n<p>Um sicherzustellen, dass die Anfrage von Ihnen gestellt wurde, bitten wir Sie, eine Kopie Ihres Ausweises mit der Anfrage zu senden. Schw\u00e4rzen Sie auf dieser Kopie Ihr Passfoto, die MRZ (maschinenlesbare Zone, der Streifen mit den Zahlen am Ende des Passes), die Passnummer und die B\u00fcrgerservicenummer (BSN). Dies zum Schutz Ihrer Privatsph\u00e4re. Wir werden so schnell wie m\u00f6glich, aber innerhalb von vier Wochen, auf Ihre Anfrage antworten.<\/p>\n\n<p>TheReSales m\u00f6chte Sie auch darauf hinweisen, dass Sie die M\u00f6glichkeit haben, eine Beschwerde bei der nationalen Aufsichtsbeh\u00f6rde, der Datenschutzbeh\u00f6rde, einzureichen, \u00fcber: <a href=\"https:\/\/autoriteitpersoonsgegevens.nl\/nl\/contact-met-de-autoriteit-persoonsgegevens\/tip-ons\">https:\/\/autoriteitpersoonsgegevens.nl\/nl\/contact-met-de-autoriteit-persoonsgegevens\/tip-ons<\/a><\/p>\n\n<h2>Wie wir personenbezogene Daten sch\u00fctzen<\/h2>\n\n<p>TheReSales nimmt den Schutz Ihrer Daten ernst und ergreift angemessene technische und organisatorische Ma\u00dfnahmen, um Missbrauch, Verlust, unbefugten Zugriff, unerw\u00fcnschte Offenlegung und unbefugte \u00c4nderung zu verhindern. Unsere Website verwendet ein SSL-Zertifikat, um Daten verschl\u00fcsselt zu \u00fcbertragen. Wenn Sie den Eindruck haben, dass Ihre Daten nicht ordnungsgem\u00e4\u00df gesch\u00fctzt sind oder Anzeichen von Missbrauch vorliegen, kontaktieren Sie uns bitte unter <a href=\"mailto:info@theresales.nl\">info@theresales.nl<\/a>.<\/p>\n\n<h2>\u00c4nderungen in dieser Datenschutzerkl\u00e4rung<\/h2>\n\n<p>TheReSales beh\u00e4lt sich das Recht vor, diese Datenschutzerkl\u00e4rung anzupassen. \u00c4nderungen werden auf dieser Seite ver\u00f6ffentlicht. Wir empfehlen Ihnen daher, diese Seite regelm\u00e4\u00dfig zu besuchen. Die aktuellste Version finden Sie immer auf <a href=\"https:\/\/theresales.nl\/de\/\">https:\/\/theresales.nl<\/a>.<\/p>\n\n<p><em>Zuletzt aktualisiert: 23. April 2026<\/em><\/p><\/div><\/div><\/div><\/div><\/div><\/section>","protected":false},"excerpt":{"rendered":"Privacyverklaring TheReSales V.O.F., gevestigd aan Koningsweg 1D, 9731 AM Groningen, is verantwoordelijk voor de verwerking van persoonsgegevens zoals weergegeven in deze privacyverklaring. Contactgegevens TheReSales V.O.F. Koningsweg 1D 9731 AM Groningen Nederland Web: https:\/\/theresales.nl E-mail: info@theresales.nl Telefoon: +31 6 31 90 82 42 KvK-nummer: 68426518 BTW-nummer: NL857435802B01 T. Hoogland is het aanspreekpunt voor privacyvragen bij TheReSales...","protected":false},"author":4,"featured_media":0,"parent":0,"menu_order":0,"comment_status":"closed","ping_status":"closed","template":"","meta":{"_acf_changed":false,"footnotes":""},"class_list":["post-11616","page","type-page","status-publish","hentry"],"acf":[],"yoast_head":"<!-- This site is optimized with the Yoast SEO plugin v27.5 - https:\/\/yoast.com\/product\/yoast-seo-wordpress\/ -->\n<title>Privacy - TheReSales<\/title>\n<meta name=\"description\" content=\"TheReSales Disclaimer, Privacy Policy en Leveringsvoorwaarden (PDF)\" \/>\n<meta name=\"robots\" content=\"index, follow, max-snippet:-1, max-image-preview:large, max-video-preview:-1\" \/>\n<link rel=\"canonical\" href=\"https:\/\/theresales.nl\/de\/privatsphare\/\" \/>\n<meta property=\"og:locale\" content=\"de_DE\" \/>\n<meta property=\"og:type\" content=\"article\" \/>\n<meta property=\"og:title\" content=\"Privacy - TheReSales\" \/>\n<meta property=\"og:description\" content=\"TheReSales Disclaimer, Privacy Policy en Leveringsvoorwaarden (PDF)\" \/>\n<meta property=\"og:url\" content=\"https:\/\/theresales.nl\/de\/privatsphare\/\" \/>\n<meta property=\"og:site_name\" content=\"TheReSales\" \/>\n<meta property=\"article:publisher\" content=\"https:\/\/www.facebook.com\/theresales.nl\" \/>\n<meta property=\"article:modified_time\" content=\"2026-04-23T14:55:53+00:00\" \/>\n<meta property=\"og:image\" content=\"https:\/\/theresales.nl\/wp-content\/uploads\/2026\/04\/Nieuw-achtergrond.jpg\" \/>\n\t<meta property=\"og:image:width\" content=\"1200\" \/>\n\t<meta property=\"og:image:height\" content=\"798\" \/>\n\t<meta property=\"og:image:type\" content=\"image\/jpeg\" \/>\n<meta name=\"twitter:card\" content=\"summary_large_image\" \/>\n<meta name=\"twitter:label1\" content=\"Gesch\u00e4tzte Lesezeit\" \/>\n\t<meta name=\"twitter:data1\" content=\"1\u00a0Minute\" \/>\n<!-- \/ Yoast SEO plugin. -->","yoast_head_json":{"title":"Datenschutz - TheReSales","description":"TheReSales Haftungsausschluss, Datenschutzerkl\u00e4rung und Lieferbedingungen (PDF)","robots":{"index":"index","follow":"follow","max-snippet":"max-snippet:-1","max-image-preview":"max-image-preview:large","max-video-preview":"max-video-preview:-1"},"canonical":"https:\/\/theresales.nl\/de\/privatsphare\/","og_locale":"de_DE","og_type":"article","og_title":"Privacy - TheReSales","og_description":"TheReSales Disclaimer, Privacy Policy en Leveringsvoorwaarden (PDF)","og_url":"https:\/\/theresales.nl\/de\/privatsphare\/","og_site_name":"TheReSales","article_publisher":"https:\/\/www.facebook.com\/theresales.nl","article_modified_time":"2026-04-23T14:55:53+00:00","og_image":[{"width":1200,"height":798,"url":"https:\/\/theresales.nl\/wp-content\/uploads\/2026\/04\/Nieuw-achtergrond.jpg","type":"image\/jpeg"}],"twitter_card":"summary_large_image","twitter_misc":{"Gesch\u00e4tzte Lesezeit":"1\u00a0Minute"},"schema":{"@context":"https:\/\/schema.org","@graph":[{"@type":"WebPage","@id":"https:\/\/theresales.nl\/privacy\/","url":"https:\/\/theresales.nl\/privacy\/","name":"Datenschutz - TheReSales","isPartOf":{"@id":"https:\/\/theresales.nl\/#website"},"datePublished":"2022-09-15T11:48:43+00:00","dateModified":"2026-04-23T14:55:53+00:00","description":"TheReSales Haftungsausschluss, Datenschutzerkl\u00e4rung und Lieferbedingungen (PDF)","breadcrumb":{"@id":"https:\/\/theresales.nl\/privacy\/#breadcrumb"},"inLanguage":"de","potentialAction":[{"@type":"ReadAction","target":["https:\/\/theresales.nl\/privacy\/"]}]},{"@type":"BreadcrumbList","@id":"https:\/\/theresales.nl\/privacy\/#breadcrumb","itemListElement":[{"@type":"ListItem","position":1,"name":"Home","item":"https:\/\/theresales.nl\/"},{"@type":"ListItem","position":2,"name":"Privacy"}]},{"@type":"WebSite","@id":"https:\/\/theresales.nl\/#website","url":"https:\/\/theresales.nl\/","name":"TheReSales","description":"Tweedehands Design Meubelen","publisher":{"@id":"https:\/\/theresales.nl\/#organization"},"potentialAction":[{"@type":"SearchAction","target":{"@type":"EntryPoint","urlTemplate":"https:\/\/theresales.nl\/?s={search_term_string}"},"query-input":{"@type":"PropertyValueSpecification","valueRequired":true,"valueName":"search_term_string"}}],"inLanguage":"de"},{"@type":"Organization","@id":"https:\/\/theresales.nl\/#organization","name":"TheReSales","url":"https:\/\/theresales.nl\/","logo":{"@type":"ImageObject","inLanguage":"de","@id":"https:\/\/theresales.nl\/#\/schema\/logo\/image\/","url":"https:\/\/theresales.nl\/wp-content\/uploads\/2026\/04\/Logo-TheReSales.png","contentUrl":"https:\/\/theresales.nl\/wp-content\/uploads\/2026\/04\/Logo-TheReSales.png","width":1200,"height":304,"caption":"TheReSales"},"image":{"@id":"https:\/\/theresales.nl\/#\/schema\/logo\/image\/"},"sameAs":["https:\/\/www.facebook.com\/theresales.nl","https:\/\/www.instagram.com\/_theresales_\/","https:\/\/nl.pinterest.com\/theresalesgroningen\/","https:\/\/www.linkedin.com\/company\/theresales\/"]}]}},"_links":{"self":[{"href":"https:\/\/theresales.nl\/de\/wp-json\/wp\/v2\/pages\/11616","targetHints":{"allow":["GET"]}}],"collection":[{"href":"https:\/\/theresales.nl\/de\/wp-json\/wp\/v2\/pages"}],"about":[{"href":"https:\/\/theresales.nl\/de\/wp-json\/wp\/v2\/types\/page"}],"author":[{"embeddable":true,"href":"https:\/\/theresales.nl\/de\/wp-json\/wp\/v2\/users\/4"}],"replies":[{"embeddable":true,"href":"https:\/\/theresales.nl\/de\/wp-json\/wp\/v2\/comments?post=11616"}],"version-history":[{"count":0,"href":"https:\/\/theresales.nl\/de\/wp-json\/wp\/v2\/pages\/11616\/revisions"}],"wp:attachment":[{"href":"https:\/\/theresales.nl\/de\/wp-json\/wp\/v2\/media?parent=11616"}],"curies":[{"name":"wp","href":"https:\/\/api.w.org\/{rel}","templated":true}]}}